{"id":4074,"date":"2020-08-10T15:36:54","date_gmt":"2020-08-10T18:36:54","guid":{"rendered":"https:\/\/www.artikel116.com\/?page_id=4074"},"modified":"2020-08-10T17:22:47","modified_gmt":"2020-08-10T20:22:47","slug":"die-konsulatsmatrikel","status":"publish","type":"page","link":"https:\/\/www.artikel116.com\/de\/willkommen\/die-konsulatsmatrikel\/","title":{"rendered":"DIE KONSULATSMATRIKEL"},"content":{"rendered":"<p><span style=\"font-weight: 400;\">Die gr\u00f6\u00dfte H\u00fcrde, die Nachfahren von deutschen Auswanderern, die ihre Heimat vor 1904 verlassen haben, bei der Feststellung ihrer deutschen Staatsangeh\u00f6rigkeit \u00fcberwinden m\u00fcssen, ist der Beweis, dass sich ihre Vorfahren in die Konsulatsmatrikel der deutschen diplomatischen Vertretung in ihrem neuen Heimatsland haben eintragen lassen.<\/span><\/p>\n<p><span style=\"font-weight: 400;\">Als Deutschland 1871 endlich ein vereintes Land wurde, wurde auch ein neues Staatsangeh\u00f6rigkeitsgesetz eingef\u00fchrt. Dieses verpflichtete alle deutschen Auswanderer, die ihre Staatsangeh\u00f6rigkeit behalten wollten, sich bei Aufenthalt im Ausland von mehr als 10 Jahren in die jeweilige Konsulatsmatrikel eintragen zu lassen.<\/span><\/p>\n<p><!--more--><\/p>\n\n\n<!--more-->\n\n\n\n<p>Deutsche, die vor 1871 ausgewandert und damit noch Staatsangeh\u00f6rige der einzelnen K\u00f6nigreiche und Reichsst\u00e4dte waren, die sp\u00e4ter zu Deutschland wurden, wurden nun automatisch Staatsangeh\u00f6rige des neuen Reichs. Sie verloren jedoch ihre deutsche Staatsangeh\u00f6rigkeit, sobald sie sich nicht wie vom Staatsangeh\u00f6rigkeitsgesetz vorgeschrieben in die Konsulatsmatrikel eintragen lie\u00dfen.<\/p>\n\n\n\n<p>1904 wurde hierf\u00fcr ein zentrales Jahr, da 1913 ein neues Staatsangeh\u00f6rigkeitsgesetz erlassen wurde, das die Eintragung in die Konsulatsmatrikel abschaffte. Ein Deutscher, der 1904 ausgewandert war, h\u00e4tte sich nach der 10-Jahres-Regelung 1914 in die Konsulatsmatrikel eintragen lassen m\u00fcssen. Durch das 1913 erlassene Gesetz war er aber nun davon befreit.<\/p>\n\n\n\n<p>M\u00f6chte man herausfinden, ob man ein Recht auf deutsche Staatsangeh\u00f6rigkeit hat, so besteht einer der ersten Schritte in der Suche nach dem eigenen Vorfahren in der Konsulatsmatrikel, sollte sich dieser vor 1904 im Ausland niedergelassen haben.&nbsp;<\/p>\n\n\n\n<p>Die Konsulatsmatrikeln werden im Bundesarchiv in Berlin sowie in einigen deutschen Konsulaten im Ausland aufbewahrt. Aufgrund der gro\u00dfen Nachfrage in Brasilien kann man einige der brasilianischen Matrikeln nun online einsehen. Wir wissen jedoch nicht, ob das auch in anderen L\u00e4ndern der Fall ist, also melden Sie sich gerne bei uns, wenn Sie mehr Informationen haben. So k\u00f6nnen wir diese Seite immer aktuell halten.<\/p>\n\n\n\n<p>Tats\u00e4chlich haben allerdings nur wenige das Gl\u00fcck, ihre Vorfahren in den Konsulatsmatrikeln zu finden. Obwohl einige Auswanderer sich mit Sicherheit bewusst dazu entschieden haben, ihre deutsche Staatsangeh\u00f6rigkeit aufzugeben, gibt es noch viele weitere Grunde daf\u00fcr, warum keine Eintragung in den Konsulatsmatrikeln zu finden ist.<\/p>\n\n\n\n<p>Da diese Gruppe von Nachfahren deutscher Staatsangeh\u00f6riger in Brasilien gegr\u00fcndet wurde, werden wir hier einige Beispiele aus unserer Region nennen. Wenn Sie allerdings weitere Beispiele oder Materialien aus Ihrem Land haben, w\u00fcrden wir uns freuen, diese auch hier aufzunehmen.<\/p>\n\n\n\n<p>Einer der zentralen Gr\u00fcnde war Unkenntnis \u00fcber das neue Gesetz. Wir m\u00fcssen uns dar\u00fcber im Klaren sein, dass es zur damaligen Zeit keine Massenkommunikationsmittel gab. Noch dazu waren die meisten Auswanderer in Brasilien arm und konnten weder lesen noch schreiben. Es w\u00e4re unfair, von ihnen zu erwarten, dass sie von der Konsulatsmatrikel und den damit verbundenen Vorschriften wussten.<\/p>\n\n\n\n<p>Ein weiteres Problem bestand darin, dass die Verwaltung und Erhaltung der Konsulatsmatrikeln vonseiten der deutschen Beh\u00f6rden vernachl\u00e4ssigt wurde.<\/p>\n\n\n\n<p>So werden beispielsweise einige Konsulatsmatrikeln nicht in deutschen Archiven aufbewahrt, sondern an verschiedenen anderen Orten, zum Beispiel im Archiv des brasilianischen Staates Rio Grande do Sul.<\/p>\n\n\n\n<figure class=\"wp-block-image size-large\"><img fetchpriority=\"high\" decoding=\"async\" width=\"1024\" height=\"435\" src=\"https:\/\/www.artikel116.com\/wp-content\/uploads\/2020\/01\/matriculas_rio_grande_do_sul-1024x435.jpg\" alt=\"\" class=\"wp-image-3524\" srcset=\"https:\/\/www.artikel116.com\/wp-content\/uploads\/2020\/01\/matriculas_rio_grande_do_sul-1024x435.jpg 1024w, https:\/\/www.artikel116.com\/wp-content\/uploads\/2020\/01\/matriculas_rio_grande_do_sul-300x127.jpg 300w, https:\/\/www.artikel116.com\/wp-content\/uploads\/2020\/01\/matriculas_rio_grande_do_sul-768x326.jpg 768w, https:\/\/www.artikel116.com\/wp-content\/uploads\/2020\/01\/matriculas_rio_grande_do_sul-1536x653.jpg 1536w, https:\/\/www.artikel116.com\/wp-content\/uploads\/2020\/01\/matriculas_rio_grande_do_sul-700x297.jpg 700w, https:\/\/www.artikel116.com\/wp-content\/uploads\/2020\/01\/matriculas_rio_grande_do_sul-348x148.jpg 348w, https:\/\/www.artikel116.com\/wp-content\/uploads\/2020\/01\/matriculas_rio_grande_do_sul-354x150.jpg 354w, https:\/\/www.artikel116.com\/wp-content\/uploads\/2020\/01\/matriculas_rio_grande_do_sul.jpg 1650w\" sizes=\"(max-width: 1024px) 100vw, 1024px\" \/><figcaption>Konsulatsmatrikel in Rio Grande do Sul<\/figcaption><\/figure>\n\n\n\n<p>Au\u00dferdem findet man in deutschen Archiven keinerlei Konsulatsmatrikeln einiger sehr aktiver deutscher Konsulate in Brasilien. Ein Beispiel daf\u00fcr ist eine Urkunde des Konsulats in Petropolis in Rio de Janeiro aus dem Jahre 1872, das sich im Besitz der Familie des Auswanderers befindet. Das zeigt, dass wichtige Unterlagen der deutschen Regierung verloren gegangen sind.<\/p>\n\n\n\n<p>Dar\u00fcber hinaus gab es auch keine Standardisierung bei der Verwaltung der Konsulatsmatrikeln. Eine deutsche Regionalzeitung mit dem Namen Germania ver\u00f6ffentliche 1882 eine Werbung des deutschen Konsulats in Santos. Es forderte Deutsche dazu auf, das Konsulat zur Eintragung in die Konsulatsmatrikel aufzusuchen und erkl\u00e4rte, dass eine solche Eintragung entweder schriftlich oder \u201em\u00fcndlich\u201c erfolgen k\u00f6nne.<\/p>\n\n\n\n<figure class=\"wp-block-image size-large\"><img decoding=\"async\" width=\"803\" height=\"578\" src=\"https:\/\/www.artikel116.com\/wp-content\/uploads\/2020\/01\/matriculas_orais.jpg\" alt=\"\" class=\"wp-image-3519\" srcset=\"https:\/\/www.artikel116.com\/wp-content\/uploads\/2020\/01\/matriculas_orais.jpg 803w, https:\/\/www.artikel116.com\/wp-content\/uploads\/2020\/01\/matriculas_orais-300x216.jpg 300w, https:\/\/www.artikel116.com\/wp-content\/uploads\/2020\/01\/matriculas_orais-768x553.jpg 768w, https:\/\/www.artikel116.com\/wp-content\/uploads\/2020\/01\/matriculas_orais-700x504.jpg 700w, https:\/\/www.artikel116.com\/wp-content\/uploads\/2020\/01\/matriculas_orais-348x250.jpg 348w, https:\/\/www.artikel116.com\/wp-content\/uploads\/2020\/01\/matriculas_orais-354x255.jpg 354w\" sizes=\"(max-width: 803px) 100vw, 803px\" \/><figcaption>Germania Newspaper 16.09.1882<\/figcaption><\/figure>\n\n\n\n<p><em><em><em>\u201eDeutsches Konsulat in Santos. Der vor Kurzem an Stelle des verstorbenen Hrn. J. W. Schmidt ernannte Kaiserl. Konsul, Hr. A. Winter, ersucht alle im diesseitigen Konsularbezirke wohnenden deutschen Staatsangeh\u00f6rigen, welche in die Matrikel dieses Konsulats eingetragen sind, ihre Schutzscheine vorzuzeigen, bez. an dieses Konsulat einzusenden. \u2013 Ferner werden Diejenigen, welche die Eintragung in die Matrikel bereits nachgesucht haben, benachrichtigt, ihr Gesuch bei diesem Konsulate zu erneuern. \u2013 Anmeldungen behufs Immatrikulierung werden an jedem Wochentage in den Stunden von 12-1 Uhr entgegengenommen und k\u00f6nnen m\u00fcndlich oder schriftlich erfolgen.\u201d<\/em><\/em><\/em><\/p>\n\n\n\n<p>Es wird also deutlich, dass die deutsche Regierung 1913 die Ungerechtigkeit der Konsulatsmatrikel bemerkte. Aus diesem Grund wurde die Regelung einerseits abgeschafft, andererseits wurden aber auch M\u00f6glichkeiten zum Wiedererwerb der Staatsangeh\u00f6rigkeit f\u00fcr alle ehemaligen Deutschen geschaffen, die durch die Eintragung in die Konsulatsmatrikel benachteiligt worden waren.<\/p>\n\n\n\n<div class=\"wp-block-group\"><div class=\"wp-block-group__inner-container is-layout-flow wp-block-group-is-layout-flow\">\n<p>Als n\u00e4chstes:<\/p>\n\n\n\n<p><a href=\"https:\/\/www.artikel116.com\/de\/willkommen\/das-staatsangehoerigkeitsgesetz-von-1913\/\">DAS STAATSANGEH\u00d6RIGKEITSGESETZ VON 1913<\/a><\/p>\n\n\n\n<p>\u00c4hnliche Seiten:<\/p>\n\n\n\n<p><a href=\"https:\/\/www.artikel116.com\/de\/willkommen\/die-konsulatsmatrikel\/\">DIE KONSULATSMATRIKEL<\/a><\/p>\n\n\n\n<p><a href=\"https:\/\/www.artikel116.com\/de\/willkommen\/das-staatsangehoerigkeitsgesetz-von-1913\/\">DAS STAATSANGEH\u00d6RIGKEITSGESETZ VON 1913<\/a><\/p>\n\n\n\n<p><a href=\"https:\/\/www.artikel116.com\/de\/willkommen\/die-nationalsozialistische-verordnung-von-1935\/\">DIE NATIONALSOZIALISTISCHE VERORDNUNG VON 1935<\/a><\/p>\n\n\n\n<p><a href=\"https:\/\/www.artikel116.com\/de\/willkommen\/die-not-der-deutschen-gemeinden-im-ausland\/\">DIE NOT DER DEUTSCHEN GEMEINDEN IM AUSLAND<\/a><\/p>\n\n\n\n<p><a href=\"https:\/\/www.artikel116.com\/de\/willkommen\/gleichberechtigung\/\"><a href=\"https:\/\/www.artikel116.com\/de\/willkommen\/gleichberechtigung\/\">GLEICHBERECHTIGUNG<\/a><\/a><\/p>\n\n\n\n<p><a href=\"https:\/\/www.artikel116.com\/de\/willkommen\/unsere-petition\/\">UNSERE PETITION<\/a><\/p>\n<\/div><\/div>\n","protected":false},"excerpt":{"rendered":"<p>Die gr\u00f6\u00dfte H\u00fcrde, die Nachfahren von deutschen Auswanderern, die ihre Heimat vor 1904 verlassen haben, bei der Feststellung ihrer deutschen Staatsangeh\u00f6rigkeit \u00fcberwinden m\u00fcssen, ist der Beweis, dass sich ihre Vorfahren in die Konsulatsmatrikel der deutschen diplomatischen Vertretung in ihrem neuen Heimatsland haben eintragen lassen. Als Deutschland 1871 endlich ein vereintes Land wurde, wurde auch ein [&hellip;]<\/p>\n","protected":false},"author":1,"featured_media":4034,"parent":4072,"menu_order":1,"comment_status":"closed","ping_status":"closed","template":"","meta":{"footnotes":""},"class_list":["post-4074","page","type-page","status-publish","has-post-thumbnail","hentry"],"yoast_head":"<!-- This site is optimized with the Yoast SEO plugin v26.5 - https:\/\/yoast.com\/wordpress\/plugins\/seo\/ -->\n<title>DIE KONSULATSMATRIKEL - Artikel 116<\/title>\n<meta name=\"robots\" content=\"index, follow, max-snippet:-1, max-image-preview:large, max-video-preview:-1\" \/>\n<link rel=\"canonical\" href=\"https:\/\/www.artikel116.com\/de\/willkommen\/die-konsulatsmatrikel\/\" \/>\n<meta property=\"og:locale\" content=\"de_DE\" \/>\n<meta property=\"og:type\" content=\"article\" \/>\n<meta property=\"og:title\" content=\"DIE KONSULATSMATRIKEL - Artikel 116\" \/>\n<meta property=\"og:description\" content=\"Die gr\u00f6\u00dfte H\u00fcrde, die Nachfahren von deutschen Auswanderern, die ihre Heimat vor 1904 verlassen haben, bei der Feststellung ihrer deutschen Staatsangeh\u00f6rigkeit \u00fcberwinden m\u00fcssen, ist der Beweis, dass sich ihre Vorfahren in die Konsulatsmatrikel der deutschen diplomatischen Vertretung in ihrem neuen Heimatsland haben eintragen lassen. Als Deutschland 1871 endlich ein vereintes Land wurde, wurde auch ein [&hellip;]\" \/>\n<meta property=\"og:url\" content=\"https:\/\/www.artikel116.com\/de\/willkommen\/die-konsulatsmatrikel\/\" \/>\n<meta property=\"og:site_name\" content=\"Artikel 116\" \/>\n<meta property=\"article:modified_time\" content=\"2020-08-10T20:22:47+00:00\" \/>\n<meta property=\"og:image\" content=\"https:\/\/www.artikel116.com\/wp-content\/uploads\/2020\/01\/matrikel.jpg\" \/>\n\t<meta property=\"og:image:width\" content=\"921\" \/>\n\t<meta property=\"og:image:height\" content=\"728\" \/>\n\t<meta property=\"og:image:type\" content=\"image\/jpeg\" \/>\n<meta name=\"twitter:card\" content=\"summary_large_image\" \/>\n<meta name=\"twitter:label1\" content=\"Gesch\u00e4tzte Lesezeit\" \/>\n\t<meta name=\"twitter:data1\" content=\"4\u00a0Minuten\" \/>\n<script type=\"application\/ld+json\" class=\"yoast-schema-graph\">{\"@context\":\"https:\/\/schema.org\",\"@graph\":[{\"@type\":\"WebPage\",\"@id\":\"https:\/\/www.artikel116.com\/de\/willkommen\/die-konsulatsmatrikel\/\",\"url\":\"https:\/\/www.artikel116.com\/de\/willkommen\/die-konsulatsmatrikel\/\",\"name\":\"DIE KONSULATSMATRIKEL - Artikel 116\",\"isPartOf\":{\"@id\":\"https:\/\/www.artikel116.com\/de\/#website\"},\"primaryImageOfPage\":{\"@id\":\"https:\/\/www.artikel116.com\/de\/willkommen\/die-konsulatsmatrikel\/#primaryimage\"},\"image\":{\"@id\":\"https:\/\/www.artikel116.com\/de\/willkommen\/die-konsulatsmatrikel\/#primaryimage\"},\"thumbnailUrl\":\"https:\/\/www.artikel116.com\/wp-content\/uploads\/2020\/01\/matrikel.jpg\",\"datePublished\":\"2020-08-10T18:36:54+00:00\",\"dateModified\":\"2020-08-10T20:22:47+00:00\",\"breadcrumb\":{\"@id\":\"https:\/\/www.artikel116.com\/de\/willkommen\/die-konsulatsmatrikel\/#breadcrumb\"},\"inLanguage\":\"de\",\"potentialAction\":[{\"@type\":\"ReadAction\",\"target\":[\"https:\/\/www.artikel116.com\/de\/willkommen\/die-konsulatsmatrikel\/\"]}]},{\"@type\":\"ImageObject\",\"inLanguage\":\"de\",\"@id\":\"https:\/\/www.artikel116.com\/de\/willkommen\/die-konsulatsmatrikel\/#primaryimage\",\"url\":\"https:\/\/www.artikel116.com\/wp-content\/uploads\/2020\/01\/matrikel.jpg\",\"contentUrl\":\"https:\/\/www.artikel116.com\/wp-content\/uploads\/2020\/01\/matrikel.jpg\",\"width\":921,\"height\":728},{\"@type\":\"BreadcrumbList\",\"@id\":\"https:\/\/www.artikel116.com\/de\/willkommen\/die-konsulatsmatrikel\/#breadcrumb\",\"itemListElement\":[{\"@type\":\"ListItem\",\"position\":1,\"name\":\"In\u00edcio\",\"item\":\"https:\/\/www.artikel116.com\/de\/\"},{\"@type\":\"ListItem\",\"position\":2,\"name\":\"Artikel 116 Wir Auch\",\"item\":\"https:\/\/www.artikel116.com\/de\/\"},{\"@type\":\"ListItem\",\"position\":3,\"name\":\"DIE KONSULATSMATRIKEL\"}]},{\"@type\":\"WebSite\",\"@id\":\"https:\/\/www.artikel116.com\/de\/#website\",\"url\":\"https:\/\/www.artikel116.com\/de\/\",\"name\":\"Artikel 116\",\"description\":\"Wir auch!\",\"publisher\":{\"@id\":\"https:\/\/www.artikel116.com\/de\/#organization\"},\"potentialAction\":[{\"@type\":\"SearchAction\",\"target\":{\"@type\":\"EntryPoint\",\"urlTemplate\":\"https:\/\/www.artikel116.com\/de\/?s={search_term_string}\"},\"query-input\":{\"@type\":\"PropertyValueSpecification\",\"valueRequired\":true,\"valueName\":\"search_term_string\"}}],\"inLanguage\":\"de\"},{\"@type\":\"Organization\",\"@id\":\"https:\/\/www.artikel116.com\/de\/#organization\",\"name\":\"Artikel 116\",\"url\":\"https:\/\/www.artikel116.com\/de\/\",\"logo\":{\"@type\":\"ImageObject\",\"inLanguage\":\"de\",\"@id\":\"https:\/\/www.artikel116.com\/de\/#\/schema\/logo\/image\/\",\"url\":\"https:\/\/www.artikel116.com\/wp-content\/uploads\/2020\/01\/neu116-1.png\",\"contentUrl\":\"https:\/\/www.artikel116.com\/wp-content\/uploads\/2020\/01\/neu116-1.png\",\"width\":154,\"height\":86,\"caption\":\"Artikel 116\"},\"image\":{\"@id\":\"https:\/\/www.artikel116.com\/de\/#\/schema\/logo\/image\/\"}}]}<\/script>\n<!-- \/ Yoast SEO plugin. -->","yoast_head_json":{"title":"DIE KONSULATSMATRIKEL - Artikel 116","robots":{"index":"index","follow":"follow","max-snippet":"max-snippet:-1","max-image-preview":"max-image-preview:large","max-video-preview":"max-video-preview:-1"},"canonical":"https:\/\/www.artikel116.com\/de\/willkommen\/die-konsulatsmatrikel\/","og_locale":"de_DE","og_type":"article","og_title":"DIE KONSULATSMATRIKEL - Artikel 116","og_description":"Die gr\u00f6\u00dfte H\u00fcrde, die Nachfahren von deutschen Auswanderern, die ihre Heimat vor 1904 verlassen haben, bei der Feststellung ihrer deutschen Staatsangeh\u00f6rigkeit \u00fcberwinden m\u00fcssen, ist der Beweis, dass sich ihre Vorfahren in die Konsulatsmatrikel der deutschen diplomatischen Vertretung in ihrem neuen Heimatsland haben eintragen lassen. Als Deutschland 1871 endlich ein vereintes Land wurde, wurde auch ein [&hellip;]","og_url":"https:\/\/www.artikel116.com\/de\/willkommen\/die-konsulatsmatrikel\/","og_site_name":"Artikel 116","article_modified_time":"2020-08-10T20:22:47+00:00","og_image":[{"width":921,"height":728,"url":"https:\/\/www.artikel116.com\/wp-content\/uploads\/2020\/01\/matrikel.jpg","type":"image\/jpeg"}],"twitter_card":"summary_large_image","twitter_misc":{"Gesch\u00e4tzte Lesezeit":"4\u00a0Minuten"},"schema":{"@context":"https:\/\/schema.org","@graph":[{"@type":"WebPage","@id":"https:\/\/www.artikel116.com\/de\/willkommen\/die-konsulatsmatrikel\/","url":"https:\/\/www.artikel116.com\/de\/willkommen\/die-konsulatsmatrikel\/","name":"DIE KONSULATSMATRIKEL - Artikel 116","isPartOf":{"@id":"https:\/\/www.artikel116.com\/de\/#website"},"primaryImageOfPage":{"@id":"https:\/\/www.artikel116.com\/de\/willkommen\/die-konsulatsmatrikel\/#primaryimage"},"image":{"@id":"https:\/\/www.artikel116.com\/de\/willkommen\/die-konsulatsmatrikel\/#primaryimage"},"thumbnailUrl":"https:\/\/www.artikel116.com\/wp-content\/uploads\/2020\/01\/matrikel.jpg","datePublished":"2020-08-10T18:36:54+00:00","dateModified":"2020-08-10T20:22:47+00:00","breadcrumb":{"@id":"https:\/\/www.artikel116.com\/de\/willkommen\/die-konsulatsmatrikel\/#breadcrumb"},"inLanguage":"de","potentialAction":[{"@type":"ReadAction","target":["https:\/\/www.artikel116.com\/de\/willkommen\/die-konsulatsmatrikel\/"]}]},{"@type":"ImageObject","inLanguage":"de","@id":"https:\/\/www.artikel116.com\/de\/willkommen\/die-konsulatsmatrikel\/#primaryimage","url":"https:\/\/www.artikel116.com\/wp-content\/uploads\/2020\/01\/matrikel.jpg","contentUrl":"https:\/\/www.artikel116.com\/wp-content\/uploads\/2020\/01\/matrikel.jpg","width":921,"height":728},{"@type":"BreadcrumbList","@id":"https:\/\/www.artikel116.com\/de\/willkommen\/die-konsulatsmatrikel\/#breadcrumb","itemListElement":[{"@type":"ListItem","position":1,"name":"In\u00edcio","item":"https:\/\/www.artikel116.com\/de\/"},{"@type":"ListItem","position":2,"name":"Artikel 116 Wir Auch","item":"https:\/\/www.artikel116.com\/de\/"},{"@type":"ListItem","position":3,"name":"DIE KONSULATSMATRIKEL"}]},{"@type":"WebSite","@id":"https:\/\/www.artikel116.com\/de\/#website","url":"https:\/\/www.artikel116.com\/de\/","name":"Artikel 116","description":"Wir auch!","publisher":{"@id":"https:\/\/www.artikel116.com\/de\/#organization"},"potentialAction":[{"@type":"SearchAction","target":{"@type":"EntryPoint","urlTemplate":"https:\/\/www.artikel116.com\/de\/?s={search_term_string}"},"query-input":{"@type":"PropertyValueSpecification","valueRequired":true,"valueName":"search_term_string"}}],"inLanguage":"de"},{"@type":"Organization","@id":"https:\/\/www.artikel116.com\/de\/#organization","name":"Artikel 116","url":"https:\/\/www.artikel116.com\/de\/","logo":{"@type":"ImageObject","inLanguage":"de","@id":"https:\/\/www.artikel116.com\/de\/#\/schema\/logo\/image\/","url":"https:\/\/www.artikel116.com\/wp-content\/uploads\/2020\/01\/neu116-1.png","contentUrl":"https:\/\/www.artikel116.com\/wp-content\/uploads\/2020\/01\/neu116-1.png","width":154,"height":86,"caption":"Artikel 116"},"image":{"@id":"https:\/\/www.artikel116.com\/de\/#\/schema\/logo\/image\/"}}]}},"_links":{"self":[{"href":"https:\/\/www.artikel116.com\/de\/wp-json\/wp\/v2\/pages\/4074","targetHints":{"allow":["GET"]}}],"collection":[{"href":"https:\/\/www.artikel116.com\/de\/wp-json\/wp\/v2\/pages"}],"about":[{"href":"https:\/\/www.artikel116.com\/de\/wp-json\/wp\/v2\/types\/page"}],"author":[{"embeddable":true,"href":"https:\/\/www.artikel116.com\/de\/wp-json\/wp\/v2\/users\/1"}],"replies":[{"embeddable":true,"href":"https:\/\/www.artikel116.com\/de\/wp-json\/wp\/v2\/comments?post=4074"}],"version-history":[{"count":4,"href":"https:\/\/www.artikel116.com\/de\/wp-json\/wp\/v2\/pages\/4074\/revisions"}],"predecessor-version":[{"id":4137,"href":"https:\/\/www.artikel116.com\/de\/wp-json\/wp\/v2\/pages\/4074\/revisions\/4137"}],"up":[{"embeddable":true,"href":"https:\/\/www.artikel116.com\/de\/wp-json\/wp\/v2\/pages\/4072"}],"wp:featuredmedia":[{"embeddable":true,"href":"https:\/\/www.artikel116.com\/de\/wp-json\/wp\/v2\/media\/4034"}],"wp:attachment":[{"href":"https:\/\/www.artikel116.com\/de\/wp-json\/wp\/v2\/media?parent=4074"}],"curies":[{"name":"wp","href":"https:\/\/api.w.org\/{rel}","templated":true}]}}