{"id":4080,"date":"2020-08-10T15:45:01","date_gmt":"2020-08-10T18:45:01","guid":{"rendered":"https:\/\/www.artikel116.com\/?page_id=4080"},"modified":"2020-08-10T17:24:59","modified_gmt":"2020-08-10T20:24:59","slug":"die-nationalsozialistische-verordnung-von-1935","status":"publish","type":"page","link":"https:\/\/www.artikel116.com\/de\/willkommen\/die-nationalsozialistische-verordnung-von-1935\/","title":{"rendered":"DIE NATIONALSOZIALISTISCHE VERORDNUNG VON 1935"},"content":{"rendered":"\n<p>Als die Nazis an die Macht kamen und Adolf Hitler am 31. Januar 1933 zum Reichskanzler ernannt wurde, etablierte sich in Deutschland ein autorit\u00e4res Regime, das f\u00fcr die mitunter tragischsten Ereignisse der Geschichte der Menschheit verantwortlich war.&nbsp;<\/p>\n\n\n\n<p>Die Nazis verboten Parteien, verfolgten Andersdenkende und entzogen Menschen ihre Staatsangeh\u00f6rigkeit aufgrund ihrer rassischen, religi\u00f6sen oder politischen Zugeh\u00f6rigkeit. Sie nahmen sich das Exklusivrecht heraus, zu bestimmen, wer deutscher Staatsangeh\u00f6riger sein durfte.<\/p>\n\n\n\n<p>Durch eine 1935 erlassene Verordnung widerrief Adolf Hitler Artikel 31 des Staatsangeh\u00f6rigkeitsgesetzes von 1913. Damit nahm er ehemaligen deutschen Staatsangeh\u00f6rigen, die von der Eintragung in die Konsulatsmatrikel benachteiligt worden waren, die M\u00f6glichkeit des Wiedererwerbs ihrer Staatsangeh\u00f6rigkeit.<\/p>\n\n\n\n<!--more-->\n\n\n\n<blockquote class=\"wp-block-quote is-layout-flow wp-block-quote-is-layout-flow\"><p><strong>Gesetz zur \u00c4nderung des Reichs- und Staatsangeh\u00f6rigkeitsgesetzes.<\/strong><\/p><p>Vom 15. Mai 1935.<\/p><p>Die Reichsregierung hat das folgende Gesetz beschlossen, das hiermit verk\u00fcndet wird:<\/p><p>\u00a7 1 \u00dcber die Verleihung der deutschen Staatsangeh\u00f6rigkeit entscheiden die Einb\u00fcrgerungsbeh\u00f6rden nach pflichtm\u00e4\u00dfigem Ermessen. <strong>Ein Anspruch auf Einb\u00fcrgerung besteht nicht.<\/strong><\/p><p>\u00a7 2 Die \u00a7\u00a7 10, 11, 12, \u00a7 26 Abs. 3 Satz 2, <strong>\u00a7 31 und \u00a7 32 Abs. 3<\/strong> des Reichs- und Staatsangeh\u00f6rigkeitsgesetzes vom 22. Juli 1913 (Reichtsgesetzbl. I S. 583) treten au\u00dfer Kraft; das gleiche gilt von \u00a7 15 Abs. 2 und \u00a7 34 insoweit, als sie einen Anspruch auf Einb\u00fcrgerung gew\u00e4hren.<\/p><p>\u00a7 3 Das Gesetz tritt mit dem Tage seiner Verk\u00fcndung in Kraft. [1]<\/p><p>Berlin, den 15. Mai 1935.<\/p><p><strong><em>Der F\u00fchrer und Reichskanzler Adolf Hitler<\/em><\/strong><\/p><p><em>Der Reichsminister des Inneren Frick<\/em><\/p><\/blockquote>\n\n\n\n<p>Durch das Erm\u00e4chtigungsgesetz von 1933 erlangten Hitler und die Nazis die volle Macht. Das Gesetz erm\u00f6glichte es dem Regime, neue Gesetze zu erlassen, auch wenn diese die Verfassung verletzten, ohne daf\u00fcr die Erlaubnis des Pr\u00e4sidenten oder des Reichstags einholen zu m\u00fcssen. Der vollst\u00e4ndige Name dieses Gesetzes lautete: \u201eGesetz zur Behebung der Not von Volk und Reich\u201c.<\/p>\n\n\n\n<p>Die Art und Weise, wie das Erm\u00e4chtigungsgesetz verabschiedet wurde, ist extrem kontrovers und steht in direkter Verbindung mit der Reichtagsbrandverordnung vom 28. Februar. Diese Verordnung nutzten die Nazis bereits als Vorwand, um B\u00fcrgerrechte und Pressefreiheit abzuschaffen und Andersdenkende ohne ordentliches Gerichtsverfahren zu inhaftieren. In Folge dieser Verordnung wurde die Kommunistische Partei verboten und vielen Sozialdemokraten wurde die M\u00f6glichkeit verwehrt, gegen das neue Gesetz zu stimmen, weshalb die Nazis schlie\u00dflich die n\u00f6tige Zweidrittelmehrheit erreichten.<\/p>\n\n\n\n<p>Nach dem Ende des Zweiten Weltkriegs wurde das Erm\u00e4chtigungsgesetz umgehend vom Alliierten Kontrollrat im Kontrollratsgesetz Nr. 1 vom 20. September 1945 au\u00dfer Kraft gesetzt. Die meisten Nazigesetze wurden explizit von diesem Gesetz abgeschafft, darunter alle Gesetze, die deutschen Juden ihre Staatsangeh\u00f6rigkeit entzogen hatten. Als die Bundesrepublik Deutschland ihre neue Verfassung verabschiedete, wurde die Abschaffung aller Nazigesetze erneut bekr\u00e4ftigt.<\/p>\n\n\n\n<p>Leider wurde die von Hitler erlassene Naziverordnung vom 15. Mai 1935, die ehemaligen Deutschen, die von der Eintragung in die Konsulatsmatrikel benachteiligt worden waren, ihre Rechte entzog, nie au\u00dfer Kraft gesetzt und Artikel 31 wurde nie wiederhergestellt.<\/p>\n\n\n\n<p>Als n\u00e4chstes:<\/p>\n\n\n\n<p><a href=\"https:\/\/www.artikel116.com\/de\/willkommen\/das-staatsangehoerigkeitsgesetz-von-1913\/\"><\/a><a href=\"https:\/\/www.artikel116.com\/de\/willkommen\/das-staatsangehoerigkeitsgesetz-von-1913\/\"><\/a><a href=\"https:\/\/www.artikel116.com\/de\/willkommen\/die-not-der-deutschen-gemeinden-im-ausland\/\">DIE NOT DER DEUTSCHEN GEMEINDEN IM AUSLAND<\/a><\/p>\n\n\n\n<p>\u00c4hnliche Seiten:<\/p>\n\n\n\n<p><a href=\"https:\/\/www.artikel116.com\/de\/willkommen\/die-konsulatsmatrikel\/\">DIE KONSULATSMATRIKEL<\/a><\/p>\n\n\n\n<p><a href=\"https:\/\/www.artikel116.com\/de\/willkommen\/das-staatsangehoerigkeitsgesetz-von-1913\/\">DAS STAATSANGEH\u00d6RIGKEITSGESETZ VON 1913<\/a><\/p>\n\n\n\n<p><a href=\"https:\/\/www.artikel116.com\/de\/willkommen\/die-nationalsozialistische-verordnung-von-1935\/\">DIE NATIONALSOZIALISTISCHE VERORDNUNG VON 1935<\/a><\/p>\n\n\n\n<p><a href=\"https:\/\/www.artikel116.com\/de\/willkommen\/die-not-der-deutschen-gemeinden-im-ausland\/\">DIE NOT DER DEUTSCHEN GEMEINDEN IM AUSLAND<\/a><\/p>\n\n\n\n<p><a href=\"https:\/\/www.artikel116.com\/de\/willkommen\/gleichberechtigung\/\">GLEICHBERECHTIGUNG<\/a><\/p>\n\n\n\n<p><a href=\"https:\/\/www.artikel116.com\/de\/willkommen\/unsere-petition\/\">UNSERE PETITION<\/a><\/p>\n","protected":false},"excerpt":{"rendered":"<p>Als die Nazis an die Macht kamen und Adolf Hitler am 31. Januar 1933 zum Reichskanzler ernannt wurde, etablierte sich in Deutschland ein autorit\u00e4res Regime, das f\u00fcr die mitunter tragischsten Ereignisse der Geschichte der Menschheit verantwortlich war.&nbsp; Die Nazis verboten Parteien, verfolgten Andersdenkende und entzogen Menschen ihre Staatsangeh\u00f6rigkeit aufgrund ihrer rassischen, religi\u00f6sen oder politischen Zugeh\u00f6rigkeit. [&hellip;]<\/p>\n","protected":false},"author":1,"featured_media":3551,"parent":4072,"menu_order":3,"comment_status":"closed","ping_status":"closed","template":"","meta":{"footnotes":""},"class_list":["post-4080","page","type-page","status-publish","has-post-thumbnail","hentry"],"yoast_head":"<!-- This site is optimized with the Yoast SEO plugin v26.5 - https:\/\/yoast.com\/wordpress\/plugins\/seo\/ -->\n<title>DIE NATIONALSOZIALISTISCHE VERORDNUNG VON 1935 - Artikel 116<\/title>\n<meta name=\"robots\" content=\"index, follow, max-snippet:-1, max-image-preview:large, max-video-preview:-1\" \/>\n<link rel=\"canonical\" href=\"https:\/\/www.artikel116.com\/de\/willkommen\/die-nationalsozialistische-verordnung-von-1935\/\" \/>\n<meta property=\"og:locale\" content=\"de_DE\" \/>\n<meta property=\"og:type\" content=\"article\" \/>\n<meta property=\"og:title\" content=\"DIE NATIONALSOZIALISTISCHE VERORDNUNG VON 1935 - Artikel 116\" \/>\n<meta property=\"og:description\" content=\"Als die Nazis an die Macht kamen und Adolf Hitler am 31. Januar 1933 zum Reichskanzler ernannt wurde, etablierte sich in Deutschland ein autorit\u00e4res Regime, das f\u00fcr die mitunter tragischsten Ereignisse der Geschichte der Menschheit verantwortlich war.&nbsp; Die Nazis verboten Parteien, verfolgten Andersdenkende und entzogen Menschen ihre Staatsangeh\u00f6rigkeit aufgrund ihrer rassischen, religi\u00f6sen oder politischen Zugeh\u00f6rigkeit. [&hellip;]\" \/>\n<meta property=\"og:url\" content=\"https:\/\/www.artikel116.com\/de\/willkommen\/die-nationalsozialistische-verordnung-von-1935\/\" \/>\n<meta property=\"og:site_name\" content=\"Artikel 116\" \/>\n<meta property=\"article:modified_time\" content=\"2020-08-10T20:24:59+00:00\" \/>\n<meta property=\"og:image\" content=\"https:\/\/www.artikel116.com\/wp-content\/uploads\/2020\/02\/Reichstagsbrand.jpg\" \/>\n\t<meta property=\"og:image:width\" content=\"800\" \/>\n\t<meta property=\"og:image:height\" content=\"624\" \/>\n\t<meta property=\"og:image:type\" content=\"image\/jpeg\" \/>\n<meta name=\"twitter:card\" content=\"summary_large_image\" \/>\n<meta name=\"twitter:label1\" content=\"Gesch\u00e4tzte Lesezeit\" \/>\n\t<meta name=\"twitter:data1\" content=\"2\u00a0Minuten\" \/>\n<script type=\"application\/ld+json\" class=\"yoast-schema-graph\">{\"@context\":\"https:\/\/schema.org\",\"@graph\":[{\"@type\":\"WebPage\",\"@id\":\"https:\/\/www.artikel116.com\/de\/willkommen\/die-nationalsozialistische-verordnung-von-1935\/\",\"url\":\"https:\/\/www.artikel116.com\/de\/willkommen\/die-nationalsozialistische-verordnung-von-1935\/\",\"name\":\"DIE NATIONALSOZIALISTISCHE VERORDNUNG VON 1935 - Artikel 116\",\"isPartOf\":{\"@id\":\"https:\/\/www.artikel116.com\/de\/#website\"},\"primaryImageOfPage\":{\"@id\":\"https:\/\/www.artikel116.com\/de\/willkommen\/die-nationalsozialistische-verordnung-von-1935\/#primaryimage\"},\"image\":{\"@id\":\"https:\/\/www.artikel116.com\/de\/willkommen\/die-nationalsozialistische-verordnung-von-1935\/#primaryimage\"},\"thumbnailUrl\":\"https:\/\/www.artikel116.com\/wp-content\/uploads\/2020\/02\/Reichstagsbrand.jpg\",\"datePublished\":\"2020-08-10T18:45:01+00:00\",\"dateModified\":\"2020-08-10T20:24:59+00:00\",\"breadcrumb\":{\"@id\":\"https:\/\/www.artikel116.com\/de\/willkommen\/die-nationalsozialistische-verordnung-von-1935\/#breadcrumb\"},\"inLanguage\":\"de\",\"potentialAction\":[{\"@type\":\"ReadAction\",\"target\":[\"https:\/\/www.artikel116.com\/de\/willkommen\/die-nationalsozialistische-verordnung-von-1935\/\"]}]},{\"@type\":\"ImageObject\",\"inLanguage\":\"de\",\"@id\":\"https:\/\/www.artikel116.com\/de\/willkommen\/die-nationalsozialistische-verordnung-von-1935\/#primaryimage\",\"url\":\"https:\/\/www.artikel116.com\/wp-content\/uploads\/2020\/02\/Reichstagsbrand.jpg\",\"contentUrl\":\"https:\/\/www.artikel116.com\/wp-content\/uploads\/2020\/02\/Reichstagsbrand.jpg\",\"width\":800,\"height\":624},{\"@type\":\"BreadcrumbList\",\"@id\":\"https:\/\/www.artikel116.com\/de\/willkommen\/die-nationalsozialistische-verordnung-von-1935\/#breadcrumb\",\"itemListElement\":[{\"@type\":\"ListItem\",\"position\":1,\"name\":\"In\u00edcio\",\"item\":\"https:\/\/www.artikel116.com\/de\/\"},{\"@type\":\"ListItem\",\"position\":2,\"name\":\"Artikel 116 Wir Auch\",\"item\":\"https:\/\/www.artikel116.com\/de\/\"},{\"@type\":\"ListItem\",\"position\":3,\"name\":\"DIE NATIONALSOZIALISTISCHE VERORDNUNG VON 1935\"}]},{\"@type\":\"WebSite\",\"@id\":\"https:\/\/www.artikel116.com\/de\/#website\",\"url\":\"https:\/\/www.artikel116.com\/de\/\",\"name\":\"Artikel 116\",\"description\":\"Wir auch!\",\"publisher\":{\"@id\":\"https:\/\/www.artikel116.com\/de\/#organization\"},\"potentialAction\":[{\"@type\":\"SearchAction\",\"target\":{\"@type\":\"EntryPoint\",\"urlTemplate\":\"https:\/\/www.artikel116.com\/de\/?s={search_term_string}\"},\"query-input\":{\"@type\":\"PropertyValueSpecification\",\"valueRequired\":true,\"valueName\":\"search_term_string\"}}],\"inLanguage\":\"de\"},{\"@type\":\"Organization\",\"@id\":\"https:\/\/www.artikel116.com\/de\/#organization\",\"name\":\"Artikel 116\",\"url\":\"https:\/\/www.artikel116.com\/de\/\",\"logo\":{\"@type\":\"ImageObject\",\"inLanguage\":\"de\",\"@id\":\"https:\/\/www.artikel116.com\/de\/#\/schema\/logo\/image\/\",\"url\":\"https:\/\/www.artikel116.com\/wp-content\/uploads\/2020\/01\/neu116-1.png\",\"contentUrl\":\"https:\/\/www.artikel116.com\/wp-content\/uploads\/2020\/01\/neu116-1.png\",\"width\":154,\"height\":86,\"caption\":\"Artikel 116\"},\"image\":{\"@id\":\"https:\/\/www.artikel116.com\/de\/#\/schema\/logo\/image\/\"}}]}<\/script>\n<!-- \/ Yoast SEO plugin. -->","yoast_head_json":{"title":"DIE NATIONALSOZIALISTISCHE VERORDNUNG VON 1935 - Artikel 116","robots":{"index":"index","follow":"follow","max-snippet":"max-snippet:-1","max-image-preview":"max-image-preview:large","max-video-preview":"max-video-preview:-1"},"canonical":"https:\/\/www.artikel116.com\/de\/willkommen\/die-nationalsozialistische-verordnung-von-1935\/","og_locale":"de_DE","og_type":"article","og_title":"DIE NATIONALSOZIALISTISCHE VERORDNUNG VON 1935 - Artikel 116","og_description":"Als die Nazis an die Macht kamen und Adolf Hitler am 31. Januar 1933 zum Reichskanzler ernannt wurde, etablierte sich in Deutschland ein autorit\u00e4res Regime, das f\u00fcr die mitunter tragischsten Ereignisse der Geschichte der Menschheit verantwortlich war.&nbsp; Die Nazis verboten Parteien, verfolgten Andersdenkende und entzogen Menschen ihre Staatsangeh\u00f6rigkeit aufgrund ihrer rassischen, religi\u00f6sen oder politischen Zugeh\u00f6rigkeit. [&hellip;]","og_url":"https:\/\/www.artikel116.com\/de\/willkommen\/die-nationalsozialistische-verordnung-von-1935\/","og_site_name":"Artikel 116","article_modified_time":"2020-08-10T20:24:59+00:00","og_image":[{"width":800,"height":624,"url":"https:\/\/www.artikel116.com\/wp-content\/uploads\/2020\/02\/Reichstagsbrand.jpg","type":"image\/jpeg"}],"twitter_card":"summary_large_image","twitter_misc":{"Gesch\u00e4tzte Lesezeit":"2\u00a0Minuten"},"schema":{"@context":"https:\/\/schema.org","@graph":[{"@type":"WebPage","@id":"https:\/\/www.artikel116.com\/de\/willkommen\/die-nationalsozialistische-verordnung-von-1935\/","url":"https:\/\/www.artikel116.com\/de\/willkommen\/die-nationalsozialistische-verordnung-von-1935\/","name":"DIE NATIONALSOZIALISTISCHE VERORDNUNG VON 1935 - Artikel 116","isPartOf":{"@id":"https:\/\/www.artikel116.com\/de\/#website"},"primaryImageOfPage":{"@id":"https:\/\/www.artikel116.com\/de\/willkommen\/die-nationalsozialistische-verordnung-von-1935\/#primaryimage"},"image":{"@id":"https:\/\/www.artikel116.com\/de\/willkommen\/die-nationalsozialistische-verordnung-von-1935\/#primaryimage"},"thumbnailUrl":"https:\/\/www.artikel116.com\/wp-content\/uploads\/2020\/02\/Reichstagsbrand.jpg","datePublished":"2020-08-10T18:45:01+00:00","dateModified":"2020-08-10T20:24:59+00:00","breadcrumb":{"@id":"https:\/\/www.artikel116.com\/de\/willkommen\/die-nationalsozialistische-verordnung-von-1935\/#breadcrumb"},"inLanguage":"de","potentialAction":[{"@type":"ReadAction","target":["https:\/\/www.artikel116.com\/de\/willkommen\/die-nationalsozialistische-verordnung-von-1935\/"]}]},{"@type":"ImageObject","inLanguage":"de","@id":"https:\/\/www.artikel116.com\/de\/willkommen\/die-nationalsozialistische-verordnung-von-1935\/#primaryimage","url":"https:\/\/www.artikel116.com\/wp-content\/uploads\/2020\/02\/Reichstagsbrand.jpg","contentUrl":"https:\/\/www.artikel116.com\/wp-content\/uploads\/2020\/02\/Reichstagsbrand.jpg","width":800,"height":624},{"@type":"BreadcrumbList","@id":"https:\/\/www.artikel116.com\/de\/willkommen\/die-nationalsozialistische-verordnung-von-1935\/#breadcrumb","itemListElement":[{"@type":"ListItem","position":1,"name":"In\u00edcio","item":"https:\/\/www.artikel116.com\/de\/"},{"@type":"ListItem","position":2,"name":"Artikel 116 Wir Auch","item":"https:\/\/www.artikel116.com\/de\/"},{"@type":"ListItem","position":3,"name":"DIE NATIONALSOZIALISTISCHE VERORDNUNG VON 1935"}]},{"@type":"WebSite","@id":"https:\/\/www.artikel116.com\/de\/#website","url":"https:\/\/www.artikel116.com\/de\/","name":"Artikel 116","description":"Wir auch!","publisher":{"@id":"https:\/\/www.artikel116.com\/de\/#organization"},"potentialAction":[{"@type":"SearchAction","target":{"@type":"EntryPoint","urlTemplate":"https:\/\/www.artikel116.com\/de\/?s={search_term_string}"},"query-input":{"@type":"PropertyValueSpecification","valueRequired":true,"valueName":"search_term_string"}}],"inLanguage":"de"},{"@type":"Organization","@id":"https:\/\/www.artikel116.com\/de\/#organization","name":"Artikel 116","url":"https:\/\/www.artikel116.com\/de\/","logo":{"@type":"ImageObject","inLanguage":"de","@id":"https:\/\/www.artikel116.com\/de\/#\/schema\/logo\/image\/","url":"https:\/\/www.artikel116.com\/wp-content\/uploads\/2020\/01\/neu116-1.png","contentUrl":"https:\/\/www.artikel116.com\/wp-content\/uploads\/2020\/01\/neu116-1.png","width":154,"height":86,"caption":"Artikel 116"},"image":{"@id":"https:\/\/www.artikel116.com\/de\/#\/schema\/logo\/image\/"}}]}},"_links":{"self":[{"href":"https:\/\/www.artikel116.com\/de\/wp-json\/wp\/v2\/pages\/4080","targetHints":{"allow":["GET"]}}],"collection":[{"href":"https:\/\/www.artikel116.com\/de\/wp-json\/wp\/v2\/pages"}],"about":[{"href":"https:\/\/www.artikel116.com\/de\/wp-json\/wp\/v2\/types\/page"}],"author":[{"embeddable":true,"href":"https:\/\/www.artikel116.com\/de\/wp-json\/wp\/v2\/users\/1"}],"replies":[{"embeddable":true,"href":"https:\/\/www.artikel116.com\/de\/wp-json\/wp\/v2\/comments?post=4080"}],"version-history":[{"count":3,"href":"https:\/\/www.artikel116.com\/de\/wp-json\/wp\/v2\/pages\/4080\/revisions"}],"predecessor-version":[{"id":4140,"href":"https:\/\/www.artikel116.com\/de\/wp-json\/wp\/v2\/pages\/4080\/revisions\/4140"}],"up":[{"embeddable":true,"href":"https:\/\/www.artikel116.com\/de\/wp-json\/wp\/v2\/pages\/4072"}],"wp:featuredmedia":[{"embeddable":true,"href":"https:\/\/www.artikel116.com\/de\/wp-json\/wp\/v2\/media\/3551"}],"wp:attachment":[{"href":"https:\/\/www.artikel116.com\/de\/wp-json\/wp\/v2\/media?parent=4080"}],"curies":[{"name":"wp","href":"https:\/\/api.w.org\/{rel}","templated":true}]}}