{"id":4082,"date":"2020-08-10T15:47:36","date_gmt":"2020-08-10T18:47:36","guid":{"rendered":"https:\/\/www.artikel116.com\/?page_id=4082"},"modified":"2020-08-10T17:25:50","modified_gmt":"2020-08-10T20:25:50","slug":"die-not-der-deutschen-gemeinden-im-ausland","status":"publish","type":"page","link":"https:\/\/www.artikel116.com\/de\/willkommen\/die-not-der-deutschen-gemeinden-im-ausland\/","title":{"rendered":"DIE NOT DER DEUTSCHEN GEMEINDEN IM AUSLAND"},"content":{"rendered":"\n<p>Genauso wie f\u00fcr Sp\u00e4taussiedler (ethnische Deutsche aus Osteuropa) war der Zweite Weltkrieg eine gro\u00dfe Herausforderung f\u00fcr Menschen mit deutscher Abstammung auf der ganzen Welt. In Brasilien, das Land, aus dem die Gr\u00fcnder dieser Gruppe stammen, hatte diese Zeit trotz der Entfernung der beiden L\u00e4nder gro\u00dfe Auswirkungen auf deutsche Auswanderer und ihre Nachfahren. So wurde ihnen beispielsweise die Verwendung ihrer Muttersprache in der \u00d6ffentlichkeit verboten.<\/p>\n\n\n\n<p>Es ist ein dunkles Kapitel der brasilianischen Geschichte, das h\u00e4ufig vergessen wird im Schatten des Erfolgs des brasilianischen Oktoberfests, der weitverbreiteten Verwendung deutscher Dialekte wie dem Hunsr\u00fcckischen im S\u00fcden des Landes, der charmanten Fachwerkarchitektur in vielen St\u00e4dten sowie Nachnamen wie B\u00fcndchen, Kuerten, Scheidt und Schmidt, die Brasilien bei den Olympischen Sommerspielen 2016 in Rio vertraten.<\/p>\n\n\n\n<!--more-->\n\n\n\n<p>Die Unterdr\u00fcckung der deutschen Kultur begann in Brasilien 1938 und eskalierte im Jahr 1942, als das Land den Achsenm\u00e4chten den Krieg erkl\u00e4rte. Damals wurden hunderte von deutschen Schulen dazu gezwungen, nur noch auf Portugiesisch zu unterrichten, deutsche Zeitschriften und Zeitungen wurden von der Regierung zensiert und milit\u00e4rische Truppen wurden in Regionen mit hohem ausl\u00e4ndischen Bev\u00f6lkerungsanteil stationiert, um die B\u00fcrger st\u00e4ndig zu \u00fcberwachen. Viele wurden schikaniert, geschlagen oder sogar festgenommen, wenn sie \u00f6ffentlich Deutsch sprachen.<\/p>\n\n\n\n<p>Die Dokumentation <em>Speechless<\/em> unter der Regie von K\u00e1tia Klock aus dem Jahre 2009 ist ein sehr guter R\u00fcckblick auf dieses vergessene Kapitel der brasilianischen Geschichte:<\/p>\n\n\n\n<figure class=\"wp-block-embed-youtube wp-block-embed is-type-video is-provider-youtube wp-embed-aspect-16-9 wp-has-aspect-ratio\"><div class=\"wp-block-embed__wrapper\">\n<iframe title=\"Sem palavras\/Speechless\/Sprachlon - Document\u00e1rio\/Documentary\/Dokumentarfilm\" width=\"700\" height=\"394\" src=\"https:\/\/www.youtube.com\/embed\/2WMUGVvRdQA?feature=oembed\" frameborder=\"0\" allow=\"accelerometer; autoplay; encrypted-media; gyroscope; picture-in-picture\" allowfullscreen><\/iframe>\n<\/div><\/figure>\n\n\n\n<p>1953 verabschiedete Deutschland ein R\u00fcckkehrergesetz, um ethnische Deutsche aus Osteuropa und Russland zu unterst\u00fctzen. In Folge der Nazizeit und der kriegsbedingten Zerst\u00f6rung wurden diese ethnischen Ostdeutschen aus ihrer Heimat vertrieben und viele von ihnen wurden ermordet, inhaftiert oder in Zwangsarbeitslager geschickt. Diese Heimkehrer werden auch <em>Sp\u00e4taussiedler<\/em> genannt.<\/p>\n\n\n\n<p>Genauso wie im Falle der <em>Sp\u00e4taussiedler<\/em> h\u00e4tte die Notlage anderer ethnisch deutscher Gemeinden im Ausland von der deutschen Regierung ebenso anerkannt werden m\u00fcssen.<\/p>\n\n\n\n<p>Als n\u00e4chstes:<\/p>\n\n\n\n<p><a href=\"https:\/\/www.artikel116.com\/de\/willkommen\/das-staatsangehoerigkeitsgesetz-von-1913\/\"><\/a><a href=\"https:\/\/www.artikel116.com\/de\/willkommen\/das-staatsangehoerigkeitsgesetz-von-1913\/\"><\/a><a href=\"https:\/\/www.artikel116.com\/de\/willkommen\/die-not-der-deutschen-gemeinden-im-ausland\/\"><\/a><a href=\"https:\/\/www.artikel116.com\/de\/willkommen\/gleichberechtigung\/\">GLEICHBERECHTIGUNG<\/a><\/p>\n\n\n\n<p>\u00c4hnliche Seiten:<\/p>\n\n\n\n<p><a href=\"https:\/\/www.artikel116.com\/de\/willkommen\/die-konsulatsmatrikel\/\">DIE KONSULATSMATRIKEL<\/a><\/p>\n\n\n\n<p><a href=\"https:\/\/www.artikel116.com\/de\/willkommen\/das-staatsangehoerigkeitsgesetz-von-1913\/\">DAS STAATSANGEH\u00d6RIGKEITSGESETZ VON 1913<\/a><\/p>\n\n\n\n<p><a href=\"https:\/\/www.artikel116.com\/de\/willkommen\/die-nationalsozialistische-verordnung-von-1935\/\">DIE NATIONALSOZIALISTISCHE VERORDNUNG VON 1935<\/a><\/p>\n\n\n\n<p><a href=\"https:\/\/www.artikel116.com\/de\/willkommen\/die-not-der-deutschen-gemeinden-im-ausland\/\">DIE NOT DER DEUTSCHEN GEMEINDEN IM AUSLAND<\/a><\/p>\n\n\n\n<p><a href=\"https:\/\/www.artikel116.com\/de\/willkommen\/gleichberechtigung\/\">GLEICHBERECHTIGUNG<\/a><\/p>\n\n\n\n<p><a href=\"https:\/\/www.artikel116.com\/de\/willkommen\/unsere-petition\/\">UNSERE PETITION<\/a><\/p>\n","protected":false},"excerpt":{"rendered":"<p>Genauso wie f\u00fcr Sp\u00e4taussiedler (ethnische Deutsche aus Osteuropa) war der Zweite Weltkrieg eine gro\u00dfe Herausforderung f\u00fcr Menschen mit deutscher Abstammung auf der ganzen Welt. In Brasilien, das Land, aus dem die Gr\u00fcnder dieser Gruppe stammen, hatte diese Zeit trotz der Entfernung der beiden L\u00e4nder gro\u00dfe Auswirkungen auf deutsche Auswanderer und ihre Nachfahren. So wurde ihnen [&hellip;]<\/p>\n","protected":false},"author":1,"featured_media":3559,"parent":4072,"menu_order":4,"comment_status":"closed","ping_status":"closed","template":"","meta":{"footnotes":""},"class_list":["post-4082","page","type-page","status-publish","has-post-thumbnail","hentry"],"yoast_head":"<!-- This site is optimized with the Yoast SEO plugin v26.5 - https:\/\/yoast.com\/wordpress\/plugins\/seo\/ -->\n<title>DIE NOT DER DEUTSCHEN GEMEINDEN IM AUSLAND - Artikel 116<\/title>\n<meta name=\"robots\" content=\"index, follow, max-snippet:-1, max-image-preview:large, max-video-preview:-1\" \/>\n<link rel=\"canonical\" href=\"https:\/\/www.artikel116.com\/de\/willkommen\/die-not-der-deutschen-gemeinden-im-ausland\/\" \/>\n<meta property=\"og:locale\" content=\"de_DE\" \/>\n<meta property=\"og:type\" content=\"article\" \/>\n<meta property=\"og:title\" content=\"DIE NOT DER DEUTSCHEN GEMEINDEN IM AUSLAND - Artikel 116\" \/>\n<meta property=\"og:description\" content=\"Genauso wie f\u00fcr Sp\u00e4taussiedler (ethnische Deutsche aus Osteuropa) war der Zweite Weltkrieg eine gro\u00dfe Herausforderung f\u00fcr Menschen mit deutscher Abstammung auf der ganzen Welt. In Brasilien, das Land, aus dem die Gr\u00fcnder dieser Gruppe stammen, hatte diese Zeit trotz der Entfernung der beiden L\u00e4nder gro\u00dfe Auswirkungen auf deutsche Auswanderer und ihre Nachfahren. So wurde ihnen [&hellip;]\" \/>\n<meta property=\"og:url\" content=\"https:\/\/www.artikel116.com\/de\/willkommen\/die-not-der-deutschen-gemeinden-im-ausland\/\" \/>\n<meta property=\"og:site_name\" content=\"Artikel 116\" \/>\n<meta property=\"article:modified_time\" content=\"2020-08-10T20:25:50+00:00\" \/>\n<meta property=\"og:image\" content=\"https:\/\/www.artikel116.com\/wp-content\/uploads\/2020\/02\/flyer-sem-palavras1.jpg\" \/>\n\t<meta property=\"og:image:width\" content=\"584\" \/>\n\t<meta property=\"og:image:height\" content=\"617\" \/>\n\t<meta property=\"og:image:type\" content=\"image\/jpeg\" \/>\n<meta name=\"twitter:card\" content=\"summary_large_image\" \/>\n<meta name=\"twitter:label1\" content=\"Gesch\u00e4tzte Lesezeit\" \/>\n\t<meta name=\"twitter:data1\" content=\"2\u00a0Minuten\" \/>\n<script type=\"application\/ld+json\" class=\"yoast-schema-graph\">{\"@context\":\"https:\/\/schema.org\",\"@graph\":[{\"@type\":\"WebPage\",\"@id\":\"https:\/\/www.artikel116.com\/de\/willkommen\/die-not-der-deutschen-gemeinden-im-ausland\/\",\"url\":\"https:\/\/www.artikel116.com\/de\/willkommen\/die-not-der-deutschen-gemeinden-im-ausland\/\",\"name\":\"DIE NOT DER DEUTSCHEN GEMEINDEN IM AUSLAND - Artikel 116\",\"isPartOf\":{\"@id\":\"https:\/\/www.artikel116.com\/de\/#website\"},\"primaryImageOfPage\":{\"@id\":\"https:\/\/www.artikel116.com\/de\/willkommen\/die-not-der-deutschen-gemeinden-im-ausland\/#primaryimage\"},\"image\":{\"@id\":\"https:\/\/www.artikel116.com\/de\/willkommen\/die-not-der-deutschen-gemeinden-im-ausland\/#primaryimage\"},\"thumbnailUrl\":\"https:\/\/www.artikel116.com\/wp-content\/uploads\/2020\/02\/flyer-sem-palavras1.jpg\",\"datePublished\":\"2020-08-10T18:47:36+00:00\",\"dateModified\":\"2020-08-10T20:25:50+00:00\",\"breadcrumb\":{\"@id\":\"https:\/\/www.artikel116.com\/de\/willkommen\/die-not-der-deutschen-gemeinden-im-ausland\/#breadcrumb\"},\"inLanguage\":\"de\",\"potentialAction\":[{\"@type\":\"ReadAction\",\"target\":[\"https:\/\/www.artikel116.com\/de\/willkommen\/die-not-der-deutschen-gemeinden-im-ausland\/\"]}]},{\"@type\":\"ImageObject\",\"inLanguage\":\"de\",\"@id\":\"https:\/\/www.artikel116.com\/de\/willkommen\/die-not-der-deutschen-gemeinden-im-ausland\/#primaryimage\",\"url\":\"https:\/\/www.artikel116.com\/wp-content\/uploads\/2020\/02\/flyer-sem-palavras1.jpg\",\"contentUrl\":\"https:\/\/www.artikel116.com\/wp-content\/uploads\/2020\/02\/flyer-sem-palavras1.jpg\",\"width\":584,\"height\":617},{\"@type\":\"BreadcrumbList\",\"@id\":\"https:\/\/www.artikel116.com\/de\/willkommen\/die-not-der-deutschen-gemeinden-im-ausland\/#breadcrumb\",\"itemListElement\":[{\"@type\":\"ListItem\",\"position\":1,\"name\":\"In\u00edcio\",\"item\":\"https:\/\/www.artikel116.com\/de\/\"},{\"@type\":\"ListItem\",\"position\":2,\"name\":\"Artikel 116 Wir Auch\",\"item\":\"https:\/\/www.artikel116.com\/de\/\"},{\"@type\":\"ListItem\",\"position\":3,\"name\":\"DIE NOT DER DEUTSCHEN GEMEINDEN IM AUSLAND\"}]},{\"@type\":\"WebSite\",\"@id\":\"https:\/\/www.artikel116.com\/de\/#website\",\"url\":\"https:\/\/www.artikel116.com\/de\/\",\"name\":\"Artikel 116\",\"description\":\"Wir auch!\",\"publisher\":{\"@id\":\"https:\/\/www.artikel116.com\/de\/#organization\"},\"potentialAction\":[{\"@type\":\"SearchAction\",\"target\":{\"@type\":\"EntryPoint\",\"urlTemplate\":\"https:\/\/www.artikel116.com\/de\/?s={search_term_string}\"},\"query-input\":{\"@type\":\"PropertyValueSpecification\",\"valueRequired\":true,\"valueName\":\"search_term_string\"}}],\"inLanguage\":\"de\"},{\"@type\":\"Organization\",\"@id\":\"https:\/\/www.artikel116.com\/de\/#organization\",\"name\":\"Artikel 116\",\"url\":\"https:\/\/www.artikel116.com\/de\/\",\"logo\":{\"@type\":\"ImageObject\",\"inLanguage\":\"de\",\"@id\":\"https:\/\/www.artikel116.com\/de\/#\/schema\/logo\/image\/\",\"url\":\"https:\/\/www.artikel116.com\/wp-content\/uploads\/2020\/01\/neu116-1.png\",\"contentUrl\":\"https:\/\/www.artikel116.com\/wp-content\/uploads\/2020\/01\/neu116-1.png\",\"width\":154,\"height\":86,\"caption\":\"Artikel 116\"},\"image\":{\"@id\":\"https:\/\/www.artikel116.com\/de\/#\/schema\/logo\/image\/\"}}]}<\/script>\n<!-- \/ Yoast SEO plugin. -->","yoast_head_json":{"title":"DIE NOT DER DEUTSCHEN GEMEINDEN IM AUSLAND - Artikel 116","robots":{"index":"index","follow":"follow","max-snippet":"max-snippet:-1","max-image-preview":"max-image-preview:large","max-video-preview":"max-video-preview:-1"},"canonical":"https:\/\/www.artikel116.com\/de\/willkommen\/die-not-der-deutschen-gemeinden-im-ausland\/","og_locale":"de_DE","og_type":"article","og_title":"DIE NOT DER DEUTSCHEN GEMEINDEN IM AUSLAND - Artikel 116","og_description":"Genauso wie f\u00fcr Sp\u00e4taussiedler (ethnische Deutsche aus Osteuropa) war der Zweite Weltkrieg eine gro\u00dfe Herausforderung f\u00fcr Menschen mit deutscher Abstammung auf der ganzen Welt. In Brasilien, das Land, aus dem die Gr\u00fcnder dieser Gruppe stammen, hatte diese Zeit trotz der Entfernung der beiden L\u00e4nder gro\u00dfe Auswirkungen auf deutsche Auswanderer und ihre Nachfahren. So wurde ihnen [&hellip;]","og_url":"https:\/\/www.artikel116.com\/de\/willkommen\/die-not-der-deutschen-gemeinden-im-ausland\/","og_site_name":"Artikel 116","article_modified_time":"2020-08-10T20:25:50+00:00","og_image":[{"width":584,"height":617,"url":"https:\/\/www.artikel116.com\/wp-content\/uploads\/2020\/02\/flyer-sem-palavras1.jpg","type":"image\/jpeg"}],"twitter_card":"summary_large_image","twitter_misc":{"Gesch\u00e4tzte Lesezeit":"2\u00a0Minuten"},"schema":{"@context":"https:\/\/schema.org","@graph":[{"@type":"WebPage","@id":"https:\/\/www.artikel116.com\/de\/willkommen\/die-not-der-deutschen-gemeinden-im-ausland\/","url":"https:\/\/www.artikel116.com\/de\/willkommen\/die-not-der-deutschen-gemeinden-im-ausland\/","name":"DIE NOT DER DEUTSCHEN GEMEINDEN IM AUSLAND - Artikel 116","isPartOf":{"@id":"https:\/\/www.artikel116.com\/de\/#website"},"primaryImageOfPage":{"@id":"https:\/\/www.artikel116.com\/de\/willkommen\/die-not-der-deutschen-gemeinden-im-ausland\/#primaryimage"},"image":{"@id":"https:\/\/www.artikel116.com\/de\/willkommen\/die-not-der-deutschen-gemeinden-im-ausland\/#primaryimage"},"thumbnailUrl":"https:\/\/www.artikel116.com\/wp-content\/uploads\/2020\/02\/flyer-sem-palavras1.jpg","datePublished":"2020-08-10T18:47:36+00:00","dateModified":"2020-08-10T20:25:50+00:00","breadcrumb":{"@id":"https:\/\/www.artikel116.com\/de\/willkommen\/die-not-der-deutschen-gemeinden-im-ausland\/#breadcrumb"},"inLanguage":"de","potentialAction":[{"@type":"ReadAction","target":["https:\/\/www.artikel116.com\/de\/willkommen\/die-not-der-deutschen-gemeinden-im-ausland\/"]}]},{"@type":"ImageObject","inLanguage":"de","@id":"https:\/\/www.artikel116.com\/de\/willkommen\/die-not-der-deutschen-gemeinden-im-ausland\/#primaryimage","url":"https:\/\/www.artikel116.com\/wp-content\/uploads\/2020\/02\/flyer-sem-palavras1.jpg","contentUrl":"https:\/\/www.artikel116.com\/wp-content\/uploads\/2020\/02\/flyer-sem-palavras1.jpg","width":584,"height":617},{"@type":"BreadcrumbList","@id":"https:\/\/www.artikel116.com\/de\/willkommen\/die-not-der-deutschen-gemeinden-im-ausland\/#breadcrumb","itemListElement":[{"@type":"ListItem","position":1,"name":"In\u00edcio","item":"https:\/\/www.artikel116.com\/de\/"},{"@type":"ListItem","position":2,"name":"Artikel 116 Wir Auch","item":"https:\/\/www.artikel116.com\/de\/"},{"@type":"ListItem","position":3,"name":"DIE NOT DER DEUTSCHEN GEMEINDEN IM AUSLAND"}]},{"@type":"WebSite","@id":"https:\/\/www.artikel116.com\/de\/#website","url":"https:\/\/www.artikel116.com\/de\/","name":"Artikel 116","description":"Wir auch!","publisher":{"@id":"https:\/\/www.artikel116.com\/de\/#organization"},"potentialAction":[{"@type":"SearchAction","target":{"@type":"EntryPoint","urlTemplate":"https:\/\/www.artikel116.com\/de\/?s={search_term_string}"},"query-input":{"@type":"PropertyValueSpecification","valueRequired":true,"valueName":"search_term_string"}}],"inLanguage":"de"},{"@type":"Organization","@id":"https:\/\/www.artikel116.com\/de\/#organization","name":"Artikel 116","url":"https:\/\/www.artikel116.com\/de\/","logo":{"@type":"ImageObject","inLanguage":"de","@id":"https:\/\/www.artikel116.com\/de\/#\/schema\/logo\/image\/","url":"https:\/\/www.artikel116.com\/wp-content\/uploads\/2020\/01\/neu116-1.png","contentUrl":"https:\/\/www.artikel116.com\/wp-content\/uploads\/2020\/01\/neu116-1.png","width":154,"height":86,"caption":"Artikel 116"},"image":{"@id":"https:\/\/www.artikel116.com\/de\/#\/schema\/logo\/image\/"}}]}},"_links":{"self":[{"href":"https:\/\/www.artikel116.com\/de\/wp-json\/wp\/v2\/pages\/4082","targetHints":{"allow":["GET"]}}],"collection":[{"href":"https:\/\/www.artikel116.com\/de\/wp-json\/wp\/v2\/pages"}],"about":[{"href":"https:\/\/www.artikel116.com\/de\/wp-json\/wp\/v2\/types\/page"}],"author":[{"embeddable":true,"href":"https:\/\/www.artikel116.com\/de\/wp-json\/wp\/v2\/users\/1"}],"replies":[{"embeddable":true,"href":"https:\/\/www.artikel116.com\/de\/wp-json\/wp\/v2\/comments?post=4082"}],"version-history":[{"count":3,"href":"https:\/\/www.artikel116.com\/de\/wp-json\/wp\/v2\/pages\/4082\/revisions"}],"predecessor-version":[{"id":4141,"href":"https:\/\/www.artikel116.com\/de\/wp-json\/wp\/v2\/pages\/4082\/revisions\/4141"}],"up":[{"embeddable":true,"href":"https:\/\/www.artikel116.com\/de\/wp-json\/wp\/v2\/pages\/4072"}],"wp:featuredmedia":[{"embeddable":true,"href":"https:\/\/www.artikel116.com\/de\/wp-json\/wp\/v2\/media\/3559"}],"wp:attachment":[{"href":"https:\/\/www.artikel116.com\/de\/wp-json\/wp\/v2\/media?parent=4082"}],"curies":[{"name":"wp","href":"https:\/\/api.w.org\/{rel}","templated":true}]}}