{"id":4085,"date":"2020-08-10T15:52:37","date_gmt":"2020-08-10T18:52:37","guid":{"rendered":"https:\/\/www.artikel116.com\/?page_id=4085"},"modified":"2020-08-10T17:20:42","modified_gmt":"2020-08-10T20:20:42","slug":"gleichberechtigung","status":"publish","type":"page","link":"https:\/\/www.artikel116.com\/de\/willkommen\/gleichberechtigung\/","title":{"rendered":"GLEICHBERECHTIGUNG"},"content":{"rendered":"\n<p>Neben der Schwierigkeit, zu beweisen, dass der eigene Vorfahr tats\u00e4chlich deutscher Staatsangeh\u00f6riger war, k\u00f6nnen auch andere Aspekte wie Familienstand oder Geschlecht eine gro\u00dfe H\u00fcrde bei der Beantragung der deutschen Staatsangeh\u00f6rigkeit darstellen.<\/p>\n\n\n\n<p>Das Geburtsjahr ist in beiden F\u00e4llen ein wichtiger Faktor und eine Gl\u00fcckssache, denn das Geburtsdatum kann \u00fcber das eigene Recht auf die deutsche Staatsangeh\u00f6rigkeit entscheiden.<\/p>\n\n\n\n<p>Das kann zu Situationen f\u00fchren, in denen Geschwister nur aufgrund ihres Geburtsdatums vom deutschen Staatsangeh\u00f6rigkeitsgesetz unterschiedlich behandelt werden.<\/p>\n\n\n\n<!--more-->\n\n\n\n<p>Das bedeutet, dass ein Kind eines deutschen Staatsangeh\u00f6rigen, welches bestimmte Bedingungen nicht erf\u00fcllt, nicht wie seine Geschwister ein Recht auf deutsche Staatsangeh\u00f6rigkeit hat.<\/p>\n\n\n\n<p>Zum Ausgleich solcher Situationen erm\u00f6glicht die deutsche Regierung durch Paragraph 14 die Einb\u00fcrgerung dieser Kinder, die die deutsche Staatsangeh\u00f6rigkeit nicht durch Abstammung erhalten haben:<\/p>\n\n\n\n<blockquote class=\"wp-block-quote is-layout-flow wp-block-quote-is-layout-flow\"><p>Paragraph 14<\/p><p>[Allgemeine <strong>Ermessens<\/strong>einb\u00fcrgerung im Ausland Lebender]<\/p><p>Ein Ausl\u00e4nder, der seinen gew\u00f6hnlichen Aufenthalt im Ausland hat, kann unter den sonstigen Voraussetzungen der \u00a7\u00a7 8 und 9 eingeb\u00fcrgert werden, wenn Bindungen an Deutschland bestehen, die eine Einb\u00fcrgerung rechtfertigen.<\/p><cite>QUELLE: DEUTSCHES STAATSANGEH\u00d6RIGKEITSGESETZ<\/cite><\/blockquote>\n\n\n\n<p>Wie der Gesetzestext jedoch besagt, handelt es sich hierbei um eine Ermessenseinb\u00fcrgerung. Das bedeutet, es liegt im Ermessen der deutschen Regierung, den Antragsteller einzub\u00fcrgern. Die Regierung hat f\u00fcr solche F\u00e4lle eine Liste an Einb\u00fcrgerungsbedingungen zusammengestellt. Zu diesen Bedingungen geh\u00f6ren der Nachweis von Sprachkenntnissen, Bindungen an das Land und finanzielle Stabilit\u00e4t. All diese Bedingungen m\u00fcssen von Geschwistern, die nach einem bestimmten Datum geboren wurden, nicht erf\u00fcllt werden.<\/p>\n\n\n\n<p>Die im Staatsangeh\u00f6rigkeitsgesetz vorgesehene Anwendung unterschiedlicher Regelungen f\u00fcr Kinder desselben deutschen Staatsangeh\u00f6rigen widerspricht dem Prinzip der Gleichheit, das im deutschen Grundgesetz verankert ist:<\/p>\n\n\n\n<blockquote class=\"wp-block-quote is-layout-flow wp-block-quote-is-layout-flow\"><p>Artikel 3<\/p><p>[Gleichheit vor dem Gesetz]<\/p><p>(1) Alle Menschen sind vor dem Gesetz gleich.<\/p><p>(2) M\u00e4nner und Frauen sind gleichberechtigt. Der Staat f\u00f6rdert die tats\u00e4chliche Durchsetzung der Gleichberechtigung von Frauen und M\u00e4nnern und wirkt auf die Beseitigung bestehender Nachteile hin.<\/p><p>(3) Niemand darf wegen seines Geschlechts, seiner Abstammung, seiner Rasse, seiner Sprache, seiner Heimat und Herkunft, seines Glaubens, seiner religi\u00f6sen und politischen Anschauungen benachteiligt oder bevorzugt werden. Niemand darf wegen seiner Behinderung benachteiligt werden.<\/p><\/blockquote>\n\n\n\n<p>sowie<\/p>\n\n\n\n<blockquote class=\"wp-block-quote is-layout-flow wp-block-quote-is-layout-flow\"><p>Artikel 6<\/p><p>&nbsp;[Ehe \u2013 Familie \u2013 Kinder]<\/p><p>(4) Jede Mutter hat Anspruch auf den Schutz und die F\u00fcrsorge der Gemeinschaft.<\/p><p>(5) Den unehelichen Kindern sind durch die Gesetzgebung die gleichen Bedingungen f\u00fcr ihre leibliche und seelische Entwicklung und ihre Stellung in der Gesellschaft zu schaffen wie den ehelichen Kindern.<\/p><\/blockquote>\n\n\n\n<p><\/p>\n\n\n\n<p>Als n\u00e4chstes:<\/p>\n\n\n\n<p><a href=\"https:\/\/www.artikel116.com\/de\/willkommen\/gleichberechtigung\/\"><a href=\"https:\/\/www.artikel116.com\/de\/willkommen\/unsere-petition\/\">UNSERE PETITION<\/a><\/a><\/p>\n\n\n\n<p>\u00c4hnliche Seiten:<\/p>\n\n\n\n<p><a href=\"https:\/\/www.artikel116.com\/de\/willkommen\/die-konsulatsmatrikel\/\">DIE KONSULATSMATRIKEL<\/a><\/p>\n\n\n\n<p><a href=\"https:\/\/www.artikel116.com\/de\/willkommen\/das-staatsangehoerigkeitsgesetz-von-1913\/\">DAS STAATSANGEH\u00d6RIGKEITSGESETZ VON 1913<\/a><\/p>\n\n\n\n<p><a href=\"https:\/\/www.artikel116.com\/de\/willkommen\/die-nationalsozialistische-verordnung-von-1935\/\">DIE NATIONALSOZIALISTISCHE VERORDNUNG VON 1935<\/a><\/p>\n\n\n\n<p><a href=\"https:\/\/www.artikel116.com\/de\/willkommen\/die-not-der-deutschen-gemeinden-im-ausland\/\">DIE NOT DER DEUTSCHEN GEMEINDEN IM AUSLAND<\/a><\/p>\n\n\n\n<p><a href=\"https:\/\/www.artikel116.com\/de\/willkommen\/gleichberechtigung\/\">GLEICHBERECHTIGUNG<\/a><\/p>\n\n\n\n<p><a href=\"https:\/\/www.artikel116.com\/de\/willkommen\/unsere-petition\/\">UNSERE PETITION<\/a><\/p>\n","protected":false},"excerpt":{"rendered":"<p>Neben der Schwierigkeit, zu beweisen, dass der eigene Vorfahr tats\u00e4chlich deutscher Staatsangeh\u00f6riger war, k\u00f6nnen auch andere Aspekte wie Familienstand oder Geschlecht eine gro\u00dfe H\u00fcrde bei der Beantragung der deutschen Staatsangeh\u00f6rigkeit darstellen. Das Geburtsjahr ist in beiden F\u00e4llen ein wichtiger Faktor und eine Gl\u00fcckssache, denn das Geburtsdatum kann \u00fcber das eigene Recht auf die deutsche Staatsangeh\u00f6rigkeit [&hellip;]<\/p>\n","protected":false},"author":1,"featured_media":3596,"parent":4072,"menu_order":5,"comment_status":"closed","ping_status":"closed","template":"","meta":{"footnotes":""},"class_list":["post-4085","page","type-page","status-publish","has-post-thumbnail","hentry"],"yoast_head":"<!-- This site is optimized with the Yoast SEO plugin v26.5 - https:\/\/yoast.com\/wordpress\/plugins\/seo\/ -->\n<title>GLEICHBERECHTIGUNG - Artikel 116<\/title>\n<meta name=\"robots\" content=\"index, follow, max-snippet:-1, max-image-preview:large, max-video-preview:-1\" \/>\n<link rel=\"canonical\" href=\"https:\/\/www.artikel116.com\/de\/willkommen\/gleichberechtigung\/\" \/>\n<meta property=\"og:locale\" content=\"de_DE\" \/>\n<meta property=\"og:type\" content=\"article\" \/>\n<meta property=\"og:title\" content=\"GLEICHBERECHTIGUNG - Artikel 116\" \/>\n<meta property=\"og:description\" content=\"Neben der Schwierigkeit, zu beweisen, dass der eigene Vorfahr tats\u00e4chlich deutscher Staatsangeh\u00f6riger war, k\u00f6nnen auch andere Aspekte wie Familienstand oder Geschlecht eine gro\u00dfe H\u00fcrde bei der Beantragung der deutschen Staatsangeh\u00f6rigkeit darstellen. Das Geburtsjahr ist in beiden F\u00e4llen ein wichtiger Faktor und eine Gl\u00fcckssache, denn das Geburtsdatum kann \u00fcber das eigene Recht auf die deutsche Staatsangeh\u00f6rigkeit [&hellip;]\" \/>\n<meta property=\"og:url\" content=\"https:\/\/www.artikel116.com\/de\/willkommen\/gleichberechtigung\/\" \/>\n<meta property=\"og:site_name\" content=\"Artikel 116\" \/>\n<meta property=\"article:modified_time\" content=\"2020-08-10T20:20:42+00:00\" \/>\n<meta property=\"og:image\" content=\"https:\/\/www.artikel116.com\/wp-content\/uploads\/2020\/02\/isonomia.png\" \/>\n\t<meta property=\"og:image:width\" content=\"708\" \/>\n\t<meta property=\"og:image:height\" content=\"546\" \/>\n\t<meta property=\"og:image:type\" content=\"image\/png\" \/>\n<meta name=\"twitter:card\" content=\"summary_large_image\" \/>\n<meta name=\"twitter:label1\" content=\"Gesch\u00e4tzte Lesezeit\" \/>\n\t<meta name=\"twitter:data1\" content=\"2\u00a0Minuten\" \/>\n<script type=\"application\/ld+json\" class=\"yoast-schema-graph\">{\"@context\":\"https:\/\/schema.org\",\"@graph\":[{\"@type\":\"WebPage\",\"@id\":\"https:\/\/www.artikel116.com\/de\/willkommen\/gleichberechtigung\/\",\"url\":\"https:\/\/www.artikel116.com\/de\/willkommen\/gleichberechtigung\/\",\"name\":\"GLEICHBERECHTIGUNG - Artikel 116\",\"isPartOf\":{\"@id\":\"https:\/\/www.artikel116.com\/de\/#website\"},\"primaryImageOfPage\":{\"@id\":\"https:\/\/www.artikel116.com\/de\/willkommen\/gleichberechtigung\/#primaryimage\"},\"image\":{\"@id\":\"https:\/\/www.artikel116.com\/de\/willkommen\/gleichberechtigung\/#primaryimage\"},\"thumbnailUrl\":\"https:\/\/www.artikel116.com\/wp-content\/uploads\/2020\/02\/isonomia.png\",\"datePublished\":\"2020-08-10T18:52:37+00:00\",\"dateModified\":\"2020-08-10T20:20:42+00:00\",\"breadcrumb\":{\"@id\":\"https:\/\/www.artikel116.com\/de\/willkommen\/gleichberechtigung\/#breadcrumb\"},\"inLanguage\":\"de\",\"potentialAction\":[{\"@type\":\"ReadAction\",\"target\":[\"https:\/\/www.artikel116.com\/de\/willkommen\/gleichberechtigung\/\"]}]},{\"@type\":\"ImageObject\",\"inLanguage\":\"de\",\"@id\":\"https:\/\/www.artikel116.com\/de\/willkommen\/gleichberechtigung\/#primaryimage\",\"url\":\"https:\/\/www.artikel116.com\/wp-content\/uploads\/2020\/02\/isonomia.png\",\"contentUrl\":\"https:\/\/www.artikel116.com\/wp-content\/uploads\/2020\/02\/isonomia.png\",\"width\":708,\"height\":546},{\"@type\":\"BreadcrumbList\",\"@id\":\"https:\/\/www.artikel116.com\/de\/willkommen\/gleichberechtigung\/#breadcrumb\",\"itemListElement\":[{\"@type\":\"ListItem\",\"position\":1,\"name\":\"In\u00edcio\",\"item\":\"https:\/\/www.artikel116.com\/de\/\"},{\"@type\":\"ListItem\",\"position\":2,\"name\":\"Artikel 116 Wir Auch\",\"item\":\"https:\/\/www.artikel116.com\/de\/\"},{\"@type\":\"ListItem\",\"position\":3,\"name\":\"GLEICHBERECHTIGUNG\"}]},{\"@type\":\"WebSite\",\"@id\":\"https:\/\/www.artikel116.com\/de\/#website\",\"url\":\"https:\/\/www.artikel116.com\/de\/\",\"name\":\"Artikel 116\",\"description\":\"Wir auch!\",\"publisher\":{\"@id\":\"https:\/\/www.artikel116.com\/de\/#organization\"},\"potentialAction\":[{\"@type\":\"SearchAction\",\"target\":{\"@type\":\"EntryPoint\",\"urlTemplate\":\"https:\/\/www.artikel116.com\/de\/?s={search_term_string}\"},\"query-input\":{\"@type\":\"PropertyValueSpecification\",\"valueRequired\":true,\"valueName\":\"search_term_string\"}}],\"inLanguage\":\"de\"},{\"@type\":\"Organization\",\"@id\":\"https:\/\/www.artikel116.com\/de\/#organization\",\"name\":\"Artikel 116\",\"url\":\"https:\/\/www.artikel116.com\/de\/\",\"logo\":{\"@type\":\"ImageObject\",\"inLanguage\":\"de\",\"@id\":\"https:\/\/www.artikel116.com\/de\/#\/schema\/logo\/image\/\",\"url\":\"https:\/\/www.artikel116.com\/wp-content\/uploads\/2020\/01\/neu116-1.png\",\"contentUrl\":\"https:\/\/www.artikel116.com\/wp-content\/uploads\/2020\/01\/neu116-1.png\",\"width\":154,\"height\":86,\"caption\":\"Artikel 116\"},\"image\":{\"@id\":\"https:\/\/www.artikel116.com\/de\/#\/schema\/logo\/image\/\"}}]}<\/script>\n<!-- \/ Yoast SEO plugin. -->","yoast_head_json":{"title":"GLEICHBERECHTIGUNG - Artikel 116","robots":{"index":"index","follow":"follow","max-snippet":"max-snippet:-1","max-image-preview":"max-image-preview:large","max-video-preview":"max-video-preview:-1"},"canonical":"https:\/\/www.artikel116.com\/de\/willkommen\/gleichberechtigung\/","og_locale":"de_DE","og_type":"article","og_title":"GLEICHBERECHTIGUNG - Artikel 116","og_description":"Neben der Schwierigkeit, zu beweisen, dass der eigene Vorfahr tats\u00e4chlich deutscher Staatsangeh\u00f6riger war, k\u00f6nnen auch andere Aspekte wie Familienstand oder Geschlecht eine gro\u00dfe H\u00fcrde bei der Beantragung der deutschen Staatsangeh\u00f6rigkeit darstellen. Das Geburtsjahr ist in beiden F\u00e4llen ein wichtiger Faktor und eine Gl\u00fcckssache, denn das Geburtsdatum kann \u00fcber das eigene Recht auf die deutsche Staatsangeh\u00f6rigkeit [&hellip;]","og_url":"https:\/\/www.artikel116.com\/de\/willkommen\/gleichberechtigung\/","og_site_name":"Artikel 116","article_modified_time":"2020-08-10T20:20:42+00:00","og_image":[{"width":708,"height":546,"url":"https:\/\/www.artikel116.com\/wp-content\/uploads\/2020\/02\/isonomia.png","type":"image\/png"}],"twitter_card":"summary_large_image","twitter_misc":{"Gesch\u00e4tzte Lesezeit":"2\u00a0Minuten"},"schema":{"@context":"https:\/\/schema.org","@graph":[{"@type":"WebPage","@id":"https:\/\/www.artikel116.com\/de\/willkommen\/gleichberechtigung\/","url":"https:\/\/www.artikel116.com\/de\/willkommen\/gleichberechtigung\/","name":"GLEICHBERECHTIGUNG - Artikel 116","isPartOf":{"@id":"https:\/\/www.artikel116.com\/de\/#website"},"primaryImageOfPage":{"@id":"https:\/\/www.artikel116.com\/de\/willkommen\/gleichberechtigung\/#primaryimage"},"image":{"@id":"https:\/\/www.artikel116.com\/de\/willkommen\/gleichberechtigung\/#primaryimage"},"thumbnailUrl":"https:\/\/www.artikel116.com\/wp-content\/uploads\/2020\/02\/isonomia.png","datePublished":"2020-08-10T18:52:37+00:00","dateModified":"2020-08-10T20:20:42+00:00","breadcrumb":{"@id":"https:\/\/www.artikel116.com\/de\/willkommen\/gleichberechtigung\/#breadcrumb"},"inLanguage":"de","potentialAction":[{"@type":"ReadAction","target":["https:\/\/www.artikel116.com\/de\/willkommen\/gleichberechtigung\/"]}]},{"@type":"ImageObject","inLanguage":"de","@id":"https:\/\/www.artikel116.com\/de\/willkommen\/gleichberechtigung\/#primaryimage","url":"https:\/\/www.artikel116.com\/wp-content\/uploads\/2020\/02\/isonomia.png","contentUrl":"https:\/\/www.artikel116.com\/wp-content\/uploads\/2020\/02\/isonomia.png","width":708,"height":546},{"@type":"BreadcrumbList","@id":"https:\/\/www.artikel116.com\/de\/willkommen\/gleichberechtigung\/#breadcrumb","itemListElement":[{"@type":"ListItem","position":1,"name":"In\u00edcio","item":"https:\/\/www.artikel116.com\/de\/"},{"@type":"ListItem","position":2,"name":"Artikel 116 Wir Auch","item":"https:\/\/www.artikel116.com\/de\/"},{"@type":"ListItem","position":3,"name":"GLEICHBERECHTIGUNG"}]},{"@type":"WebSite","@id":"https:\/\/www.artikel116.com\/de\/#website","url":"https:\/\/www.artikel116.com\/de\/","name":"Artikel 116","description":"Wir auch!","publisher":{"@id":"https:\/\/www.artikel116.com\/de\/#organization"},"potentialAction":[{"@type":"SearchAction","target":{"@type":"EntryPoint","urlTemplate":"https:\/\/www.artikel116.com\/de\/?s={search_term_string}"},"query-input":{"@type":"PropertyValueSpecification","valueRequired":true,"valueName":"search_term_string"}}],"inLanguage":"de"},{"@type":"Organization","@id":"https:\/\/www.artikel116.com\/de\/#organization","name":"Artikel 116","url":"https:\/\/www.artikel116.com\/de\/","logo":{"@type":"ImageObject","inLanguage":"de","@id":"https:\/\/www.artikel116.com\/de\/#\/schema\/logo\/image\/","url":"https:\/\/www.artikel116.com\/wp-content\/uploads\/2020\/01\/neu116-1.png","contentUrl":"https:\/\/www.artikel116.com\/wp-content\/uploads\/2020\/01\/neu116-1.png","width":154,"height":86,"caption":"Artikel 116"},"image":{"@id":"https:\/\/www.artikel116.com\/de\/#\/schema\/logo\/image\/"}}]}},"_links":{"self":[{"href":"https:\/\/www.artikel116.com\/de\/wp-json\/wp\/v2\/pages\/4085","targetHints":{"allow":["GET"]}}],"collection":[{"href":"https:\/\/www.artikel116.com\/de\/wp-json\/wp\/v2\/pages"}],"about":[{"href":"https:\/\/www.artikel116.com\/de\/wp-json\/wp\/v2\/types\/page"}],"author":[{"embeddable":true,"href":"https:\/\/www.artikel116.com\/de\/wp-json\/wp\/v2\/users\/1"}],"replies":[{"embeddable":true,"href":"https:\/\/www.artikel116.com\/de\/wp-json\/wp\/v2\/comments?post=4085"}],"version-history":[{"count":2,"href":"https:\/\/www.artikel116.com\/de\/wp-json\/wp\/v2\/pages\/4085\/revisions"}],"predecessor-version":[{"id":4135,"href":"https:\/\/www.artikel116.com\/de\/wp-json\/wp\/v2\/pages\/4085\/revisions\/4135"}],"up":[{"embeddable":true,"href":"https:\/\/www.artikel116.com\/de\/wp-json\/wp\/v2\/pages\/4072"}],"wp:featuredmedia":[{"embeddable":true,"href":"https:\/\/www.artikel116.com\/de\/wp-json\/wp\/v2\/media\/3596"}],"wp:attachment":[{"href":"https:\/\/www.artikel116.com\/de\/wp-json\/wp\/v2\/media?parent=4085"}],"curies":[{"name":"wp","href":"https:\/\/api.w.org\/{rel}","templated":true}]}}