{"id":4088,"date":"2020-08-10T15:54:26","date_gmt":"2020-08-10T18:54:26","guid":{"rendered":"https:\/\/www.artikel116.com\/?page_id=4088"},"modified":"2021-10-18T13:32:49","modified_gmt":"2021-10-18T16:32:49","slug":"unsere-petition","status":"publish","type":"page","link":"https:\/\/www.artikel116.com\/de\/willkommen\/unsere-petition\/","title":{"rendered":"UNSERE PETITION"},"content":{"rendered":"<p><span style=\"font-weight: 400;\">Gemeinsam mit einem Rechtsbeistand in Deutschland arbeiten wir daran, eine Petition auf den Weg zu bringen, die die deutsche Regierung erreichen soll. Die Petition wird von Experten f\u00fcr deutsches Staatsangeh\u00f6rigkeitsrecht beurteilt und an das deutsche Innenministerium geschickt werden. Das Innenministerium ist verantwortlich f\u00fcr Regelungen und Ma\u00dfnahmen in Bezug auf die deutsche Staatsangeh\u00f6rigkeit.<\/span><\/p>\n<p><span style=\"font-weight: 400;\">Die Petition wird die folgenden Bereiche abdecken:<\/span><\/p>\n<ul>\n<li style=\"font-weight: 400;\"><span style=\"font-weight: 400;\">Fragen der Eintragung in die Konsulatsmatrikel <\/span><span style=\"font-weight: 400;\">und des <\/span><span style=\"font-weight: 400;\">Staatsangeh\u00f6rigkeitsgesetzes von 1913<\/span><span style=\"font-weight: 400;\">, das ehemaligen Staatsangeh\u00f6rigen das Recht auf Wiedererwerb der deutschen Staatsangeh\u00f6rigkeit zusprach.<\/span><\/li>\n<li style=\"font-weight: 400;\"><span style=\"font-weight: 400;\">Die <\/span><span style=\"font-weight: 400;\">Naziverordnung von 1935<\/span><span style=\"font-weight: 400;\">, die das 1913 eingef\u00fchrte Recht auf Wiedererwerb der Staatsangeh\u00f6rigkeit au\u00dfer Kraft setzte.<\/span><\/li>\n<li style=\"font-weight: 400;\"><span style=\"font-weight: 400;\">Das <\/span><span style=\"font-weight: 400;\">Prinzip der Gleichheit<\/span><span style=\"font-weight: 400;\">, da sich auch viele andere Gruppen auf Artikel 116 berufen k\u00f6nnen.<\/span><\/li>\n<\/ul>\n\n\n<p>Da rechtliche Unterst\u00fctzung sehr teuer ist, z\u00e4hlen wir auf die Hilfe jedes Einzelnen, um gen\u00fcgend Geld zur Deckung unserer Kosten zu sammeln. Uns ist au\u00dferdem absolute Transparenz in Bezug auf die Verwaltung unserer Mittel ein wichtiges Anliegen.<\/p>\n\n\n\n<p><a class=\"button\" href=\"https:\/\/www.vakinha.com.br\/vaquinha\/cidadania-alema-aos-descendentes-de-alemaes-sem-matricula-consular\">Spenden<\/a><\/p>\n","protected":false},"excerpt":{"rendered":"<p>Gemeinsam mit einem Rechtsbeistand in Deutschland arbeiten wir daran, eine Petition auf den Weg zu bringen, die die deutsche Regierung erreichen soll. Die Petition wird von Experten f\u00fcr deutsches Staatsangeh\u00f6rigkeitsrecht beurteilt und an das deutsche Innenministerium geschickt werden. Das Innenministerium ist verantwortlich f\u00fcr Regelungen und Ma\u00dfnahmen in Bezug auf die deutsche Staatsangeh\u00f6rigkeit. Die Petition wird [&hellip;]<\/p>\n","protected":false},"author":1,"featured_media":0,"parent":4072,"menu_order":7,"comment_status":"closed","ping_status":"closed","template":"","meta":{"footnotes":""},"class_list":["post-4088","page","type-page","status-publish","hentry"],"yoast_head":"<!-- This site is optimized with the Yoast SEO plugin v26.5 - https:\/\/yoast.com\/wordpress\/plugins\/seo\/ -->\n<title>UNSERE PETITION - Artikel 116<\/title>\n<meta name=\"robots\" content=\"index, follow, max-snippet:-1, max-image-preview:large, max-video-preview:-1\" \/>\n<link rel=\"canonical\" href=\"https:\/\/www.artikel116.com\/de\/willkommen\/unsere-petition\/\" \/>\n<meta property=\"og:locale\" content=\"de_DE\" \/>\n<meta property=\"og:type\" content=\"article\" \/>\n<meta property=\"og:title\" content=\"UNSERE PETITION - Artikel 116\" \/>\n<meta property=\"og:description\" content=\"Gemeinsam mit einem Rechtsbeistand in Deutschland arbeiten wir daran, eine Petition auf den Weg zu bringen, die die deutsche Regierung erreichen soll. Die Petition wird von Experten f\u00fcr deutsches Staatsangeh\u00f6rigkeitsrecht beurteilt und an das deutsche Innenministerium geschickt werden. Das Innenministerium ist verantwortlich f\u00fcr Regelungen und Ma\u00dfnahmen in Bezug auf die deutsche Staatsangeh\u00f6rigkeit. Die Petition wird [&hellip;]\" \/>\n<meta property=\"og:url\" content=\"https:\/\/www.artikel116.com\/de\/willkommen\/unsere-petition\/\" \/>\n<meta property=\"og:site_name\" content=\"Artikel 116\" \/>\n<meta property=\"article:modified_time\" content=\"2021-10-18T16:32:49+00:00\" \/>\n<meta name=\"twitter:card\" content=\"summary_large_image\" \/>\n<meta name=\"twitter:label1\" content=\"Gesch\u00e4tzte Lesezeit\" \/>\n\t<meta name=\"twitter:data1\" content=\"1\u00a0Minute\" \/>\n<script type=\"application\/ld+json\" class=\"yoast-schema-graph\">{\"@context\":\"https:\/\/schema.org\",\"@graph\":[{\"@type\":\"WebPage\",\"@id\":\"https:\/\/www.artikel116.com\/de\/willkommen\/unsere-petition\/\",\"url\":\"https:\/\/www.artikel116.com\/de\/willkommen\/unsere-petition\/\",\"name\":\"UNSERE PETITION - Artikel 116\",\"isPartOf\":{\"@id\":\"https:\/\/www.artikel116.com\/de\/#website\"},\"datePublished\":\"2020-08-10T18:54:26+00:00\",\"dateModified\":\"2021-10-18T16:32:49+00:00\",\"breadcrumb\":{\"@id\":\"https:\/\/www.artikel116.com\/de\/willkommen\/unsere-petition\/#breadcrumb\"},\"inLanguage\":\"de\",\"potentialAction\":[{\"@type\":\"ReadAction\",\"target\":[\"https:\/\/www.artikel116.com\/de\/willkommen\/unsere-petition\/\"]}]},{\"@type\":\"BreadcrumbList\",\"@id\":\"https:\/\/www.artikel116.com\/de\/willkommen\/unsere-petition\/#breadcrumb\",\"itemListElement\":[{\"@type\":\"ListItem\",\"position\":1,\"name\":\"In\u00edcio\",\"item\":\"https:\/\/www.artikel116.com\/de\/\"},{\"@type\":\"ListItem\",\"position\":2,\"name\":\"Artikel 116 Wir Auch\",\"item\":\"https:\/\/www.artikel116.com\/de\/\"},{\"@type\":\"ListItem\",\"position\":3,\"name\":\"UNSERE PETITION\"}]},{\"@type\":\"WebSite\",\"@id\":\"https:\/\/www.artikel116.com\/de\/#website\",\"url\":\"https:\/\/www.artikel116.com\/de\/\",\"name\":\"Artikel 116\",\"description\":\"Wir auch!\",\"publisher\":{\"@id\":\"https:\/\/www.artikel116.com\/de\/#organization\"},\"potentialAction\":[{\"@type\":\"SearchAction\",\"target\":{\"@type\":\"EntryPoint\",\"urlTemplate\":\"https:\/\/www.artikel116.com\/de\/?s={search_term_string}\"},\"query-input\":{\"@type\":\"PropertyValueSpecification\",\"valueRequired\":true,\"valueName\":\"search_term_string\"}}],\"inLanguage\":\"de\"},{\"@type\":\"Organization\",\"@id\":\"https:\/\/www.artikel116.com\/de\/#organization\",\"name\":\"Artikel 116\",\"url\":\"https:\/\/www.artikel116.com\/de\/\",\"logo\":{\"@type\":\"ImageObject\",\"inLanguage\":\"de\",\"@id\":\"https:\/\/www.artikel116.com\/de\/#\/schema\/logo\/image\/\",\"url\":\"https:\/\/www.artikel116.com\/wp-content\/uploads\/2020\/01\/neu116-1.png\",\"contentUrl\":\"https:\/\/www.artikel116.com\/wp-content\/uploads\/2020\/01\/neu116-1.png\",\"width\":154,\"height\":86,\"caption\":\"Artikel 116\"},\"image\":{\"@id\":\"https:\/\/www.artikel116.com\/de\/#\/schema\/logo\/image\/\"}}]}<\/script>\n<!-- \/ Yoast SEO plugin. -->","yoast_head_json":{"title":"UNSERE PETITION - Artikel 116","robots":{"index":"index","follow":"follow","max-snippet":"max-snippet:-1","max-image-preview":"max-image-preview:large","max-video-preview":"max-video-preview:-1"},"canonical":"https:\/\/www.artikel116.com\/de\/willkommen\/unsere-petition\/","og_locale":"de_DE","og_type":"article","og_title":"UNSERE PETITION - Artikel 116","og_description":"Gemeinsam mit einem Rechtsbeistand in Deutschland arbeiten wir daran, eine Petition auf den Weg zu bringen, die die deutsche Regierung erreichen soll. Die Petition wird von Experten f\u00fcr deutsches Staatsangeh\u00f6rigkeitsrecht beurteilt und an das deutsche Innenministerium geschickt werden. Das Innenministerium ist verantwortlich f\u00fcr Regelungen und Ma\u00dfnahmen in Bezug auf die deutsche Staatsangeh\u00f6rigkeit. Die Petition wird [&hellip;]","og_url":"https:\/\/www.artikel116.com\/de\/willkommen\/unsere-petition\/","og_site_name":"Artikel 116","article_modified_time":"2021-10-18T16:32:49+00:00","twitter_card":"summary_large_image","twitter_misc":{"Gesch\u00e4tzte Lesezeit":"1\u00a0Minute"},"schema":{"@context":"https:\/\/schema.org","@graph":[{"@type":"WebPage","@id":"https:\/\/www.artikel116.com\/de\/willkommen\/unsere-petition\/","url":"https:\/\/www.artikel116.com\/de\/willkommen\/unsere-petition\/","name":"UNSERE PETITION - Artikel 116","isPartOf":{"@id":"https:\/\/www.artikel116.com\/de\/#website"},"datePublished":"2020-08-10T18:54:26+00:00","dateModified":"2021-10-18T16:32:49+00:00","breadcrumb":{"@id":"https:\/\/www.artikel116.com\/de\/willkommen\/unsere-petition\/#breadcrumb"},"inLanguage":"de","potentialAction":[{"@type":"ReadAction","target":["https:\/\/www.artikel116.com\/de\/willkommen\/unsere-petition\/"]}]},{"@type":"BreadcrumbList","@id":"https:\/\/www.artikel116.com\/de\/willkommen\/unsere-petition\/#breadcrumb","itemListElement":[{"@type":"ListItem","position":1,"name":"In\u00edcio","item":"https:\/\/www.artikel116.com\/de\/"},{"@type":"ListItem","position":2,"name":"Artikel 116 Wir Auch","item":"https:\/\/www.artikel116.com\/de\/"},{"@type":"ListItem","position":3,"name":"UNSERE PETITION"}]},{"@type":"WebSite","@id":"https:\/\/www.artikel116.com\/de\/#website","url":"https:\/\/www.artikel116.com\/de\/","name":"Artikel 116","description":"Wir auch!","publisher":{"@id":"https:\/\/www.artikel116.com\/de\/#organization"},"potentialAction":[{"@type":"SearchAction","target":{"@type":"EntryPoint","urlTemplate":"https:\/\/www.artikel116.com\/de\/?s={search_term_string}"},"query-input":{"@type":"PropertyValueSpecification","valueRequired":true,"valueName":"search_term_string"}}],"inLanguage":"de"},{"@type":"Organization","@id":"https:\/\/www.artikel116.com\/de\/#organization","name":"Artikel 116","url":"https:\/\/www.artikel116.com\/de\/","logo":{"@type":"ImageObject","inLanguage":"de","@id":"https:\/\/www.artikel116.com\/de\/#\/schema\/logo\/image\/","url":"https:\/\/www.artikel116.com\/wp-content\/uploads\/2020\/01\/neu116-1.png","contentUrl":"https:\/\/www.artikel116.com\/wp-content\/uploads\/2020\/01\/neu116-1.png","width":154,"height":86,"caption":"Artikel 116"},"image":{"@id":"https:\/\/www.artikel116.com\/de\/#\/schema\/logo\/image\/"}}]}},"_links":{"self":[{"href":"https:\/\/www.artikel116.com\/de\/wp-json\/wp\/v2\/pages\/4088","targetHints":{"allow":["GET"]}}],"collection":[{"href":"https:\/\/www.artikel116.com\/de\/wp-json\/wp\/v2\/pages"}],"about":[{"href":"https:\/\/www.artikel116.com\/de\/wp-json\/wp\/v2\/types\/page"}],"author":[{"embeddable":true,"href":"https:\/\/www.artikel116.com\/de\/wp-json\/wp\/v2\/users\/1"}],"replies":[{"embeddable":true,"href":"https:\/\/www.artikel116.com\/de\/wp-json\/wp\/v2\/comments?post=4088"}],"version-history":[{"count":3,"href":"https:\/\/www.artikel116.com\/de\/wp-json\/wp\/v2\/pages\/4088\/revisions"}],"predecessor-version":[{"id":4209,"href":"https:\/\/www.artikel116.com\/de\/wp-json\/wp\/v2\/pages\/4088\/revisions\/4209"}],"up":[{"embeddable":true,"href":"https:\/\/www.artikel116.com\/de\/wp-json\/wp\/v2\/pages\/4072"}],"wp:attachment":[{"href":"https:\/\/www.artikel116.com\/de\/wp-json\/wp\/v2\/media?parent=4088"}],"curies":[{"name":"wp","href":"https:\/\/api.w.org\/{rel}","templated":true}]}}