{"id":4096,"date":"2020-08-10T16:19:39","date_gmt":"2020-08-10T19:19:39","guid":{"rendered":"https:\/\/www.artikel116.com\/?page_id=4096"},"modified":"2020-08-10T16:19:40","modified_gmt":"2020-08-10T19:19:40","slug":"wer-wir-sind","status":"publish","type":"page","link":"https:\/\/www.artikel116.com\/de\/wer-wir-sind\/","title":{"rendered":"WER WIR SIND"},"content":{"rendered":"<p><span style=\"font-weight: 400;\">Wir sind eine Gruppe von Nachfahren deutscher Staatsangeh\u00f6riger, die die Wiederherstellung des Rechts zum Wiedererwerb der deutschen Staatsangeh\u00f6rigkeit einfordern, welches unseren Vorfahren 1913 zugesprochen wurde. Dieses Recht regelte den Wiedererwerb der deutschen Staatsangeh\u00f6rigkeit, wenn diese aufgrund der Vorschrift, sich bei Aufenthalt im Ausland von mehr als 10 Jahren in die Konsulatsmatrikel eintragen zu lassen, verloren gegangen war. Durch eine im Jahr 1935 von Adolf Hitler erlassene Verordnung wurde dieses Recht abgeschafft, um dem nationalsozialistischen Regime die Macht zu geben, Menschen aufgrund ihrer politischen, rassischen oder religi\u00f6sen Zugeh\u00f6rigkeit ihre Staatsangeh\u00f6rigkeit zu entziehen.<\/span><\/p>\n<p><span style=\"font-weight: 400;\">Artikel 116 des deutschen Grundgesetzes definiert das Konzept der deutschen Nationalit\u00e4t. Absatz 2 regelt den Wiedererwerb der deutschen Staatsangeh\u00f6rigkeit f\u00fcr all diejenigen, denen ihre Staatsangeh\u00f6rigkeit vom nationalsozialistischen Regime entzogen wurde.<\/span><\/p>\n<p><span style=\"font-weight: 400;\">Genau wie andere Gruppen, denen ihre Rechte entzogen wurden und die sich auf Artikel 116, Absatz 2, Teil 1, Satz 1 des Grundgesetzes berufen, glauben auch wir, dass diese Regelung die Ungerechtigkeiten korrigieren kann, die unseren deutschen Vorfahren und ihren Nachkommen angetan wurden.<\/span><\/p>\n<p><a class=\"button\" href=\"https:\/\/www.facebook.com\/groups\/1402907289960996\/\">UNSERER FACEBOOK-GRUPPE BEITRETEN<\/a>&nbsp;<\/p>\n","protected":false},"excerpt":{"rendered":"<p>Wir sind eine Gruppe von Nachfahren deutscher Staatsangeh\u00f6riger, die die Wiederherstellung des Rechts zum Wiedererwerb der deutschen Staatsangeh\u00f6rigkeit einfordern, welches unseren Vorfahren 1913 zugesprochen wurde. Dieses Recht regelte den Wiedererwerb der deutschen Staatsangeh\u00f6rigkeit, wenn diese aufgrund der Vorschrift, sich bei Aufenthalt im Ausland von mehr als 10 Jahren in die Konsulatsmatrikel eintragen zu lassen, verloren [&hellip;]<\/p>\n","protected":false},"author":1,"featured_media":0,"parent":0,"menu_order":0,"comment_status":"closed","ping_status":"closed","template":"templates\/full-width-page.php","meta":{"footnotes":""},"class_list":["post-4096","page","type-page","status-publish","hentry"],"yoast_head":"<!-- This site is optimized with the Yoast SEO plugin v26.5 - https:\/\/yoast.com\/wordpress\/plugins\/seo\/ -->\n<title>WER WIR SIND - Artikel 116<\/title>\n<meta name=\"robots\" content=\"index, follow, max-snippet:-1, max-image-preview:large, max-video-preview:-1\" \/>\n<link rel=\"canonical\" href=\"https:\/\/www.artikel116.com\/de\/wer-wir-sind\/\" \/>\n<meta property=\"og:locale\" content=\"de_DE\" \/>\n<meta property=\"og:type\" content=\"article\" \/>\n<meta property=\"og:title\" content=\"WER WIR SIND - Artikel 116\" \/>\n<meta property=\"og:description\" content=\"Wir sind eine Gruppe von Nachfahren deutscher Staatsangeh\u00f6riger, die die Wiederherstellung des Rechts zum Wiedererwerb der deutschen Staatsangeh\u00f6rigkeit einfordern, welches unseren Vorfahren 1913 zugesprochen wurde. Dieses Recht regelte den Wiedererwerb der deutschen Staatsangeh\u00f6rigkeit, wenn diese aufgrund der Vorschrift, sich bei Aufenthalt im Ausland von mehr als 10 Jahren in die Konsulatsmatrikel eintragen zu lassen, verloren [&hellip;]\" \/>\n<meta property=\"og:url\" content=\"https:\/\/www.artikel116.com\/de\/wer-wir-sind\/\" \/>\n<meta property=\"og:site_name\" content=\"Artikel 116\" \/>\n<meta property=\"article:modified_time\" content=\"2020-08-10T19:19:40+00:00\" \/>\n<meta name=\"twitter:card\" content=\"summary_large_image\" \/>\n<meta name=\"twitter:label1\" content=\"Gesch\u00e4tzte Lesezeit\" \/>\n\t<meta name=\"twitter:data1\" content=\"1\u00a0Minute\" \/>\n<script type=\"application\/ld+json\" class=\"yoast-schema-graph\">{\"@context\":\"https:\/\/schema.org\",\"@graph\":[{\"@type\":\"WebPage\",\"@id\":\"https:\/\/www.artikel116.com\/de\/wer-wir-sind\/\",\"url\":\"https:\/\/www.artikel116.com\/de\/wer-wir-sind\/\",\"name\":\"WER WIR SIND - Artikel 116\",\"isPartOf\":{\"@id\":\"https:\/\/www.artikel116.com\/de\/#website\"},\"datePublished\":\"2020-08-10T19:19:39+00:00\",\"dateModified\":\"2020-08-10T19:19:40+00:00\",\"breadcrumb\":{\"@id\":\"https:\/\/www.artikel116.com\/de\/wer-wir-sind\/#breadcrumb\"},\"inLanguage\":\"de\",\"potentialAction\":[{\"@type\":\"ReadAction\",\"target\":[\"https:\/\/www.artikel116.com\/de\/wer-wir-sind\/\"]}]},{\"@type\":\"BreadcrumbList\",\"@id\":\"https:\/\/www.artikel116.com\/de\/wer-wir-sind\/#breadcrumb\",\"itemListElement\":[{\"@type\":\"ListItem\",\"position\":1,\"name\":\"In\u00edcio\",\"item\":\"https:\/\/www.artikel116.com\/de\/\"},{\"@type\":\"ListItem\",\"position\":2,\"name\":\"WER WIR SIND\"}]},{\"@type\":\"WebSite\",\"@id\":\"https:\/\/www.artikel116.com\/de\/#website\",\"url\":\"https:\/\/www.artikel116.com\/de\/\",\"name\":\"Artikel 116\",\"description\":\"Wir auch!\",\"publisher\":{\"@id\":\"https:\/\/www.artikel116.com\/de\/#organization\"},\"potentialAction\":[{\"@type\":\"SearchAction\",\"target\":{\"@type\":\"EntryPoint\",\"urlTemplate\":\"https:\/\/www.artikel116.com\/de\/?s={search_term_string}\"},\"query-input\":{\"@type\":\"PropertyValueSpecification\",\"valueRequired\":true,\"valueName\":\"search_term_string\"}}],\"inLanguage\":\"de\"},{\"@type\":\"Organization\",\"@id\":\"https:\/\/www.artikel116.com\/de\/#organization\",\"name\":\"Artikel 116\",\"url\":\"https:\/\/www.artikel116.com\/de\/\",\"logo\":{\"@type\":\"ImageObject\",\"inLanguage\":\"de\",\"@id\":\"https:\/\/www.artikel116.com\/de\/#\/schema\/logo\/image\/\",\"url\":\"https:\/\/www.artikel116.com\/wp-content\/uploads\/2020\/01\/neu116-1.png\",\"contentUrl\":\"https:\/\/www.artikel116.com\/wp-content\/uploads\/2020\/01\/neu116-1.png\",\"width\":154,\"height\":86,\"caption\":\"Artikel 116\"},\"image\":{\"@id\":\"https:\/\/www.artikel116.com\/de\/#\/schema\/logo\/image\/\"}}]}<\/script>\n<!-- \/ Yoast SEO plugin. -->","yoast_head_json":{"title":"WER WIR SIND - Artikel 116","robots":{"index":"index","follow":"follow","max-snippet":"max-snippet:-1","max-image-preview":"max-image-preview:large","max-video-preview":"max-video-preview:-1"},"canonical":"https:\/\/www.artikel116.com\/de\/wer-wir-sind\/","og_locale":"de_DE","og_type":"article","og_title":"WER WIR SIND - Artikel 116","og_description":"Wir sind eine Gruppe von Nachfahren deutscher Staatsangeh\u00f6riger, die die Wiederherstellung des Rechts zum Wiedererwerb der deutschen Staatsangeh\u00f6rigkeit einfordern, welches unseren Vorfahren 1913 zugesprochen wurde. Dieses Recht regelte den Wiedererwerb der deutschen Staatsangeh\u00f6rigkeit, wenn diese aufgrund der Vorschrift, sich bei Aufenthalt im Ausland von mehr als 10 Jahren in die Konsulatsmatrikel eintragen zu lassen, verloren [&hellip;]","og_url":"https:\/\/www.artikel116.com\/de\/wer-wir-sind\/","og_site_name":"Artikel 116","article_modified_time":"2020-08-10T19:19:40+00:00","twitter_card":"summary_large_image","twitter_misc":{"Gesch\u00e4tzte Lesezeit":"1\u00a0Minute"},"schema":{"@context":"https:\/\/schema.org","@graph":[{"@type":"WebPage","@id":"https:\/\/www.artikel116.com\/de\/wer-wir-sind\/","url":"https:\/\/www.artikel116.com\/de\/wer-wir-sind\/","name":"WER WIR SIND - Artikel 116","isPartOf":{"@id":"https:\/\/www.artikel116.com\/de\/#website"},"datePublished":"2020-08-10T19:19:39+00:00","dateModified":"2020-08-10T19:19:40+00:00","breadcrumb":{"@id":"https:\/\/www.artikel116.com\/de\/wer-wir-sind\/#breadcrumb"},"inLanguage":"de","potentialAction":[{"@type":"ReadAction","target":["https:\/\/www.artikel116.com\/de\/wer-wir-sind\/"]}]},{"@type":"BreadcrumbList","@id":"https:\/\/www.artikel116.com\/de\/wer-wir-sind\/#breadcrumb","itemListElement":[{"@type":"ListItem","position":1,"name":"In\u00edcio","item":"https:\/\/www.artikel116.com\/de\/"},{"@type":"ListItem","position":2,"name":"WER WIR SIND"}]},{"@type":"WebSite","@id":"https:\/\/www.artikel116.com\/de\/#website","url":"https:\/\/www.artikel116.com\/de\/","name":"Artikel 116","description":"Wir auch!","publisher":{"@id":"https:\/\/www.artikel116.com\/de\/#organization"},"potentialAction":[{"@type":"SearchAction","target":{"@type":"EntryPoint","urlTemplate":"https:\/\/www.artikel116.com\/de\/?s={search_term_string}"},"query-input":{"@type":"PropertyValueSpecification","valueRequired":true,"valueName":"search_term_string"}}],"inLanguage":"de"},{"@type":"Organization","@id":"https:\/\/www.artikel116.com\/de\/#organization","name":"Artikel 116","url":"https:\/\/www.artikel116.com\/de\/","logo":{"@type":"ImageObject","inLanguage":"de","@id":"https:\/\/www.artikel116.com\/de\/#\/schema\/logo\/image\/","url":"https:\/\/www.artikel116.com\/wp-content\/uploads\/2020\/01\/neu116-1.png","contentUrl":"https:\/\/www.artikel116.com\/wp-content\/uploads\/2020\/01\/neu116-1.png","width":154,"height":86,"caption":"Artikel 116"},"image":{"@id":"https:\/\/www.artikel116.com\/de\/#\/schema\/logo\/image\/"}}]}},"_links":{"self":[{"href":"https:\/\/www.artikel116.com\/de\/wp-json\/wp\/v2\/pages\/4096","targetHints":{"allow":["GET"]}}],"collection":[{"href":"https:\/\/www.artikel116.com\/de\/wp-json\/wp\/v2\/pages"}],"about":[{"href":"https:\/\/www.artikel116.com\/de\/wp-json\/wp\/v2\/types\/page"}],"author":[{"embeddable":true,"href":"https:\/\/www.artikel116.com\/de\/wp-json\/wp\/v2\/users\/1"}],"replies":[{"embeddable":true,"href":"https:\/\/www.artikel116.com\/de\/wp-json\/wp\/v2\/comments?post=4096"}],"version-history":[{"count":1,"href":"https:\/\/www.artikel116.com\/de\/wp-json\/wp\/v2\/pages\/4096\/revisions"}],"predecessor-version":[{"id":4097,"href":"https:\/\/www.artikel116.com\/de\/wp-json\/wp\/v2\/pages\/4096\/revisions\/4097"}],"wp:attachment":[{"href":"https:\/\/www.artikel116.com\/de\/wp-json\/wp\/v2\/media?parent=4096"}],"curies":[{"name":"wp","href":"https:\/\/api.w.org\/{rel}","templated":true}]}}